{"id":16,"date":"2026-03-08T15:54:19","date_gmt":"2026-03-08T15:54:19","guid":{"rendered":"https:\/\/lecadran-expo.be\/?page_id=16"},"modified":"2026-04-24T15:10:54","modified_gmt":"2026-04-24T15:10:54","slug":"homepage","status":"publish","type":"page","link":"https:\/\/lecadran-expo.be\/en_gb\/","title":{"rendered":"Homepage"},"content":{"rendered":"<div class=\"wp-block-group has-global-padding is-layout-constrained wp-block-group-is-layout-constrained\">\n<div style=\"height:8px\" aria-hidden=\"true\" class=\"wp-block-spacer\"><\/div>\n\n\n\n<figure class=\"wp-block-image aligncenter size-full is-resized\"><a href=\"https:\/\/www.lesoir.be\/737414\/article\/2026-03-27\/corto-maltese-invite-decouvrir-les-fables-dhugo-pratt-liege\" target=\"_blank\" rel=\" noreferrer noopener\"><img loading=\"lazy\" decoding=\"async\" width=\"850\" height=\"200\" src=\"https:\/\/lecadran-expo.be\/wp-content\/uploads\/2026\/04\/le-soir-2.png\" alt=\"\" class=\"wp-image-772\" style=\"width:600px\" srcset=\"https:\/\/lecadran-expo.be\/wp-content\/uploads\/2026\/04\/le-soir-2.png 850w, https:\/\/lecadran-expo.be\/wp-content\/uploads\/2026\/04\/le-soir-2-300x71.png 300w, https:\/\/lecadran-expo.be\/wp-content\/uploads\/2026\/04\/le-soir-2-18x4.png 18w\" sizes=\"auto, (max-width: 850px) 100vw, 850px\" \/><\/a><\/figure>\n\n\n\n<div style=\"height:10px\" aria-hidden=\"true\" class=\"wp-block-spacer\"><\/div>\n\n\n\n<figure class=\"wp-block-image aligncenter size-full is-resized\"><a href=\"https:\/\/www.lalibre.be\/culture\/arts\/2026\/04\/07\/un-rendez-vous-magistral-avec-hugo-pratt-IT5KI463HFELBLTVFT3LR2YIJM\/\" target=\"_blank\" rel=\" noreferrer noopener\"><img loading=\"lazy\" decoding=\"async\" width=\"850\" height=\"200\" src=\"https:\/\/lecadran-expo.be\/wp-content\/uploads\/2026\/04\/lalibre-3.png\" alt=\"\" class=\"wp-image-771\" style=\"aspect-ratio:4.250036436570283;object-fit:cover;width:600px\" srcset=\"https:\/\/lecadran-expo.be\/wp-content\/uploads\/2026\/04\/lalibre-3.png 850w, https:\/\/lecadran-expo.be\/wp-content\/uploads\/2026\/04\/lalibre-3-300x71.png 300w, https:\/\/lecadran-expo.be\/wp-content\/uploads\/2026\/04\/lalibre-3-18x4.png 18w\" sizes=\"auto, (max-width: 850px) 100vw, 850px\" \/><\/a><\/figure>\n\n\n\n<div style=\"height:10px\" aria-hidden=\"true\" class=\"wp-block-spacer\"><\/div>\n\n\n\n<figure class=\"wp-block-image aligncenter size-full is-resized\"><a href=\"https:\/\/www.parismatch.be\/lifestyle\/tendances-et-loisirs\/2026\/04\/04\/corto-maltese-kevin-lejeune-et-les-maitres-chocolatiers-nos-trois-coups-de-coeur-pour-un-printemps-2026-place-sous-le-signe-de-lexcellence-4DWU6YVFFZANJGLYP5QTR5AFFM\/\" target=\"_blank\" rel=\" noreferrer noopener\"><img loading=\"lazy\" decoding=\"async\" width=\"850\" height=\"200\" src=\"https:\/\/lecadran-expo.be\/wp-content\/uploads\/2026\/04\/parismatch-2.png\" alt=\"\" class=\"wp-image-773\" style=\"width:600px\" srcset=\"https:\/\/lecadran-expo.be\/wp-content\/uploads\/2026\/04\/parismatch-2.png 850w, https:\/\/lecadran-expo.be\/wp-content\/uploads\/2026\/04\/parismatch-2-300x71.png 300w, https:\/\/lecadran-expo.be\/wp-content\/uploads\/2026\/04\/parismatch-2-18x4.png 18w\" sizes=\"auto, (max-width: 850px) 100vw, 850px\" \/><\/a><\/figure>\n\n\n\n<div style=\"height:24px\" aria-hidden=\"true\" class=\"wp-block-spacer\"><\/div>\n\n\n\n<hr class=\"wp-block-separator has-alpha-channel-opacity\"\/>\n\n\n\n<div style=\"height:15px\" aria-hidden=\"true\" class=\"wp-block-spacer\"><\/div>\n\n\n\n<p class=\"has-text-align-center\"><strong>BREAKING NEWS<\/strong> !<\/p>\n\n\n\n<p class=\"has-text-align-center\"><strong>To enter our grand competition, click on the image below. <\/strong><\/p>\n\n\n\n<figure class=\"wp-block-image aligncenter size-large is-resized\"><a href=\"https:\/\/lecadran-expo.be\/en_gb\/corto-maltese-et-le-message-perdu-de-cleopatre\/\" target=\"_blank\" rel=\" noreferrer noopener\"><img loading=\"lazy\" decoding=\"async\" width=\"1024\" height=\"683\" src=\"https:\/\/lecadran-expo.be\/wp-content\/uploads\/2026\/04\/chasse-au-tresor-1024x683.png\" alt=\"\" class=\"wp-image-784\" style=\"width:700px\" srcset=\"https:\/\/lecadran-expo.be\/wp-content\/uploads\/2026\/04\/chasse-au-tresor-1024x683.png 1024w, https:\/\/lecadran-expo.be\/wp-content\/uploads\/2026\/04\/chasse-au-tresor-300x200.png 300w, https:\/\/lecadran-expo.be\/wp-content\/uploads\/2026\/04\/chasse-au-tresor-18x12.png 18w, https:\/\/lecadran-expo.be\/wp-content\/uploads\/2026\/04\/chasse-au-tresor.png 1536w\" sizes=\"auto, (max-width: 1024px) 100vw, 1024px\" \/><\/a><\/figure>\n\n\n\n<div style=\"height:17px\" aria-hidden=\"true\" class=\"wp-block-spacer\"><\/div>\n\n\n\n<hr class=\"wp-block-separator has-alpha-channel-opacity\"\/>\n\n\n\n<div style=\"height:16px\" aria-hidden=\"true\" class=\"wp-block-spacer\"><\/div>\n\n\n\n<p><strong>THE EXHIBITION<\/strong><\/p>\n\n\n\n<p class=\"has-text-align-left has-primary-color has-text-color has-link-color wp-elements-69baa019364756a896c6c1592b732b3a translation-block\">The exhibition <strong>*Hugo Pratt \u2013 Imaginary Geographies*<\/strong>, to be held in Li\u00e8ge in 2026, follows on directly from a landmark exhibition of the same name hosted at the Palazzo delle Papesse in Siena in 2025. That Italian exhibition, produced in collaboration with the rights holders of Hugo Pratt\u2019s work and leading cultural partners, was a major success with both the public and critics.<\/p>\n\n\n\n<p class=\"has-text-align-left has-primary-color has-text-color has-link-color wp-elements-29f765c4091ffd417c2ef3255914f05f\">Thirty years after the author's death, it confirms Pratt's central place among the great European authors of the 20th century and the ability of his work to reach very broad audiences, far beyond the circle of comic strip enthusiasts.<\/p>\n\n\n\n<p>The exhibition, staged in collaboration with the Swiss company Cong S.A. and the Italian company Opera Laboratori, offers a complete immersion into the world of Hugo Pratt, a humanist author, tireless traveller, and creator of the mythical character Corto Maltese.<\/p>\n\n\n\n<p>The exhibition brings together: original drawings and authentic watercolours; archives, notebooks, objects and ethnographic artefacts that fed the author's imagination; audiovisual content; immersive scenographic displays; a screening of his first animated feature film; and an exclusive soundtrack illustrating the musicality of the author and his works.<\/p>\n\n\n\n<p>The exhibition also features the largest bookshop dedicated to the author and their work, as well as a proper cafeteria that will pay homage to the author's Italian roots and tastes. <\/p>\n\n\n\n<p>The exhibition is structured around several main themes \u2013 veritable \u00abentry points\u00bb into the work \u2013 addressing, among others:<\/p>\n\n\n\n<p>\u2013 travel and real and imaginary geographies,<\/p>\n\n\n\n<p>\u2013 literary and cinematic influences,<\/p>\n\n\n\n<p>\u2013 history and geopolitics,<\/p>\n\n\n\n<p>\u2013 the place of women in Pratt's universe,<\/p>\n\n\n\n<p>\u2013 the relationship between drawing, narrative, and freedom.<\/p>\n\n\n\n<p>Through this cross-cutting approach, the exhibition goes beyond the strict confines of the comic strip to offer a cultural, artistic, and societal reading of the work.<\/p>\n<\/div>\n\n\n\n<figure class=\"wp-block-image aligncenter size-large is-resized\"><img loading=\"lazy\" decoding=\"async\" width=\"1024\" height=\"557\" src=\"https:\/\/lecadran-expo.be\/wp-content\/uploads\/2026\/03\/image-1024x557.png\" alt=\"\" class=\"wp-image-45\" style=\"aspect-ratio:1.8384325033223607;width:830px;height:auto\" srcset=\"https:\/\/lecadran-expo.be\/wp-content\/uploads\/2026\/03\/image-1024x557.png 1024w, https:\/\/lecadran-expo.be\/wp-content\/uploads\/2026\/03\/image-300x163.png 300w, https:\/\/lecadran-expo.be\/wp-content\/uploads\/2026\/03\/image-2000x1087.png 2000w, https:\/\/lecadran-expo.be\/wp-content\/uploads\/2026\/03\/image-scaled-18x10.png 18w\" sizes=\"auto, (max-width: 1024px) 100vw, 1024px\" \/><\/figure>\n\n\n\n<div style=\"height:34px\" aria-hidden=\"true\" class=\"wp-block-spacer\"><\/div>\n\n\n\n<hr class=\"wp-block-separator has-alpha-channel-opacity\"\/>\n\n\n\n<div id=\"services\" class=\"wp-block-group alignfull pattern_multiple_covers has-background has-global-padding is-layout-constrained wp-block-group-is-layout-constrained\">\n<p class=\"has-text-align-left has-primary-color has-text-color\" style=\"letter-spacing:1px\"><strong>THE PLACE<\/strong> <\/p>\n\n\n\n<p class=\"has-text-align-left\">In Li\u00e8ge, the exhibition will be hosted at Le Cadran, an iconic building of the former Li\u00e8ge-Carr\u00e9 station, temporarily redeveloped into a cultural space. This choice is no coincidence: the station, a place of departures, arrivals and crossroads, directly echoes the world of Corto Maltese. The architecture of the site evokes travel and movement. Its location, in immediate proximity to the city centre, makes it easily accessible to all audiences.<\/p>\n\n\n\n<p>The scenography will fully exploit this symbolic dimension: entering the exhibition is like \u00abboarding.\u00bb The visitor becomes a traveller, mirroring Pratt's hero, journeying across continents and imaginations.<\/p>\n\n\n\n<div style=\"height:16px\" aria-hidden=\"true\" class=\"wp-block-spacer\"><\/div>\n\n\n\n<div class=\"wp-block-columns is-layout-flex wp-container-core-columns-is-layout-28f84493 wp-block-columns-is-layout-flex\">\n<div class=\"wp-block-column is-layout-flow wp-block-column-is-layout-flow\" style=\"padding-top:0;padding-right:0;padding-bottom:0;padding-left:0\">\n<figure class=\"wp-block-image aligncenter size-large is-resized\"><img loading=\"lazy\" decoding=\"async\" width=\"1024\" height=\"338\" src=\"https:\/\/lecadran-expo.be\/wp-content\/uploads\/2026\/03\/image-2-1024x338.png\" alt=\"\" class=\"wp-image-47\" style=\"width:870px;height:auto\" srcset=\"https:\/\/lecadran-expo.be\/wp-content\/uploads\/2026\/03\/image-2-1024x338.png 1024w, https:\/\/lecadran-expo.be\/wp-content\/uploads\/2026\/03\/image-2-300x99.png 300w, https:\/\/lecadran-expo.be\/wp-content\/uploads\/2026\/03\/image-2-2000x659.png 2000w, https:\/\/lecadran-expo.be\/wp-content\/uploads\/2026\/03\/image-2-scaled-18x6.png 18w\" sizes=\"auto, (max-width: 1024px) 100vw, 1024px\" \/><\/figure>\n<\/div>\n<\/div>\n\n\n\n<div style=\"height:13px\" aria-hidden=\"true\" class=\"wp-block-spacer\"><\/div>\n<\/div>\n\n\n\n<div style=\"height:14px\" aria-hidden=\"true\" class=\"wp-block-spacer\"><\/div>\n\n\n\n<hr class=\"wp-block-separator has-alpha-channel-opacity\"\/>\n\n\n\n<div class=\"wp-block-group alignfull has-global-padding is-layout-constrained wp-block-group-is-layout-constrained\">\n<div class=\"wp-block-group has-global-padding is-layout-constrained wp-block-group-is-layout-constrained\" style=\"padding-top:var(--wp--preset--spacing--small);padding-bottom:var(--wp--preset--spacing--small)\">\n<div class=\"wp-block-columns is-layout-flex wp-container-core-columns-is-layout-c375d253 wp-block-columns-is-layout-flex\">\n<div class=\"wp-block-column is-vertically-aligned-center is-layout-flow wp-block-column-is-layout-flow\">\n<p><strong>A COLLABORATION BETWEEN INVENTIVES SRL &amp; ENTRESORT ASBL<\/strong><\/p>\n\n\n\n<p class=\"translation-block\">This project fits naturally into the comic book programme developed in the Province of Li\u00e8ge, particularly through th<em>e La BD festival<\/em> and the <em>\u2018April 2026: Comic Book Month<\/em>\u2019 initiative, which prioritise local creativity, emerging artists, schools and community-based initiatives.<\/p>\n\n\n\n<p>The exhibition Hugo Pratt \u2013 Imaginary Geographies acts as a complementary and structuring project:<\/p>\n\n\n\n<p>\u2013 it brings an international counterpoint to a policy focused on local comics,<\/p>\n\n\n\n<p>\u2013 it creates a spotlight effect that benefits the entire Walloon literary programme,<\/p>\n\n\n\n<p>\u2013 it strengthens Li\u00e8ge's image as a major territory for the ninth art.<\/p>\n\n\n\n<p>The presence of a world-class author allows for broadening audiences, attracting new visitors, and giving increased visibility to existing local initiatives.<\/p>\n\n\n\n<p>And that is precisely our company's objective. <\/p>\n\n\n\n<p>Launched in the summer of 2020, Inventives SRL offers a unique and blended vision of the tourism and event sectors. Our company is a place where nature and aesthetics, history and innovation, high-end creation and the general public, permanent exhibition and academic content meet and coexist. <\/p>\n\n\n\n<p>We have decided to play a key role in the creation of experiential and spectacular content to fuel the tourism sector. For us, this means sharing new emotions, disseminating innovative visions, defining new working methods, driving bold projects, and writing new stories.<\/p>\n\n\n\n<p>With Entresort ASBL, our partners and investors, we will focus our efforts on defining new relationships between humanity and nature, here, 120 kilometres from Brussels, in the heart of Europe.<\/p>\n\n\n\n<p>Simply spectacular.<\/p>\n<\/div>\n<\/div>\n<\/div>\n<\/div>\n\n\n\n<hr class=\"wp-block-separator has-alpha-channel-opacity\"\/>\n\n\n\n<div style=\"height:18px\" aria-hidden=\"true\" class=\"wp-block-spacer\"><\/div>\n\n\n\n<div style=\"height:14px\" aria-hidden=\"true\" class=\"wp-block-spacer\"><\/div>\n\n\n\n<div id=\"partners\" class=\"wp-block-group has-global-padding is-content-justification-center is-layout-constrained wp-container-core-group-is-layout-dc06fb1d wp-block-group-is-layout-constrained\">\n<div class=\"wp-block-columns is-layout-flex wp-container-core-columns-is-layout-28f84493 wp-block-columns-is-layout-flex\">\n<div class=\"wp-block-column is-layout-flow wp-block-column-is-layout-flow\" style=\"flex-basis:60%\">\n<p class=\"has-text-align-left\"><strong>OUR PARTNERS<\/strong> \u2013 Our warm thanks to our partners and supporters.<\/p>\n<\/div>\n<\/div>\n<\/div>\n\n\n\n<figure class=\"wp-block-image aligncenter size-large is-resized\"><img loading=\"lazy\" decoding=\"async\" width=\"1024\" height=\"109\" src=\"https:\/\/lecadran-expo.be\/wp-content\/uploads\/2026\/04\/partners-1024x109.png\" alt=\"\" class=\"wp-image-632\" style=\"aspect-ratio:9.394659543310183;width:1200px;height:auto\" srcset=\"https:\/\/lecadran-expo.be\/wp-content\/uploads\/2026\/04\/partners-1024x109.png 1024w, https:\/\/lecadran-expo.be\/wp-content\/uploads\/2026\/04\/partners-300x32.png 300w, https:\/\/lecadran-expo.be\/wp-content\/uploads\/2026\/04\/partners-2000x213.png 2000w, https:\/\/lecadran-expo.be\/wp-content\/uploads\/2026\/04\/partners-scaled-18x2.png 18w\" sizes=\"auto, (max-width: 1024px) 100vw, 1024px\" \/><\/figure>\n\n\n\n<p><\/p>","protected":false},"excerpt":{"rendered":"<p>BREAKING NEWS ! Pour participer \u00e0 notre grand jeu, clique sur l&rsquo;image ci-dessous. L&rsquo;EXPOSITION L\u2019exposition Hugo Pratt \u2013 G\u00e9ographies imaginaires pr\u00e9sent\u00e9e \u00e0 Li\u00e8ge en 2026 s\u2019inscrit dans la continuit\u00e9 directe d\u2019une exposition de r\u00e9f\u00e9rence accueillie au Palazzo delle Papesse \u00e0 Sienne en 2025, sous le m\u00eame titre. Cette exposition italienne, produite avec les ayants droit &hellip; <\/p>\n<p class=\"link-more\"><a href=\"https:\/\/lecadran-expo.be\/en_gb\/\" class=\"more-link\">Read more<span class=\"screen-reader-text\"> \u00ab\u00a0Homepage\u00a0\u00bb<\/span><\/a><\/p>","protected":false},"author":1,"featured_media":0,"parent":0,"menu_order":0,"comment_status":"closed","ping_status":"closed","template":"page-templates\/homepage-builder-bb.php","meta":{"inspiro_hide_title":false,"footnotes":""},"class_list":["post-16","page","type-page","status-publish","hentry"],"yoast_head":"<!-- This site is optimized with the Yoast SEO plugin v27.6 - https:\/\/yoast.com\/product\/yoast-seo-wordpress\/ -->\n<title>Homepage - lecadran-expo.be<\/title>\n<meta name=\"robots\" content=\"index, follow, max-snippet:-1, max-image-preview:large, max-video-preview:-1\" \/>\n<link rel=\"canonical\" href=\"https:\/\/lecadran-expo.be\/en_gb\/\" \/>\n<meta property=\"og:locale\" content=\"en_GB\" \/>\n<meta property=\"og:type\" content=\"article\" \/>\n<meta property=\"og:title\" content=\"Homepage - lecadran-expo.be\" \/>\n<meta property=\"og:description\" content=\"BREAKING NEWS ! Pour participer \u00e0 notre grand jeu, clique sur l&rsquo;image ci-dessous. L&rsquo;EXPOSITION L\u2019exposition Hugo Pratt \u2013 G\u00e9ographies imaginaires pr\u00e9sent\u00e9e \u00e0 Li\u00e8ge en 2026 s\u2019inscrit dans la continuit\u00e9 directe d\u2019une exposition de r\u00e9f\u00e9rence accueillie au Palazzo delle Papesse \u00e0 Sienne en 2025, sous le m\u00eame titre. Cette exposition italienne, produite avec les ayants droit &hellip; Read more &quot;Homepage&quot;\" \/>\n<meta property=\"og:url\" content=\"https:\/\/lecadran-expo.be\/en_gb\/\" \/>\n<meta property=\"og:site_name\" content=\"lecadran-expo.be\" \/>\n<meta property=\"article:publisher\" content=\"https:\/\/www.facebook.com\/people\/Inventives\/61588084365745\/\" \/>\n<meta property=\"article:modified_time\" content=\"2026-04-24T15:10:54+00:00\" \/>\n<meta property=\"og:image\" content=\"https:\/\/lecadran-expo.be\/wp-content\/uploads\/2026\/04\/le-soir-2.png\" \/>\n\t<meta property=\"og:image:width\" content=\"850\" \/>\n\t<meta property=\"og:image:height\" content=\"200\" \/>\n\t<meta property=\"og:image:type\" content=\"image\/png\" \/>\n<meta name=\"twitter:card\" content=\"summary_large_image\" \/>\n<meta name=\"twitter:label1\" content=\"Estimated reading time\" \/>\n\t<meta name=\"twitter:data1\" content=\"4 minutes\" \/>\n<script type=\"application\/ld+json\" class=\"yoast-schema-graph\">{\"@context\":\"https:\\\/\\\/schema.org\",\"@graph\":[{\"@type\":\"WebPage\",\"@id\":\"https:\\\/\\\/lecadran-expo.be\\\/\",\"url\":\"https:\\\/\\\/lecadran-expo.be\\\/\",\"name\":\"Homepage - lecadran-expo.be\",\"isPartOf\":{\"@id\":\"https:\\\/\\\/lecadran-expo.be\\\/#website\"},\"primaryImageOfPage\":{\"@id\":\"https:\\\/\\\/lecadran-expo.be\\\/#primaryimage\"},\"image\":{\"@id\":\"https:\\\/\\\/lecadran-expo.be\\\/#primaryimage\"},\"thumbnailUrl\":\"https:\\\/\\\/lecadran-expo.be\\\/wp-content\\\/uploads\\\/2026\\\/04\\\/le-soir-2.png\",\"datePublished\":\"2026-03-08T15:54:19+00:00\",\"dateModified\":\"2026-04-24T15:10:54+00:00\",\"breadcrumb\":{\"@id\":\"https:\\\/\\\/lecadran-expo.be\\\/#breadcrumb\"},\"inLanguage\":\"en-GB\",\"potentialAction\":[{\"@type\":\"ReadAction\",\"target\":[\"https:\\\/\\\/lecadran-expo.be\\\/\"]}]},{\"@type\":\"ImageObject\",\"inLanguage\":\"en-GB\",\"@id\":\"https:\\\/\\\/lecadran-expo.be\\\/#primaryimage\",\"url\":\"https:\\\/\\\/lecadran-expo.be\\\/wp-content\\\/uploads\\\/2026\\\/04\\\/le-soir-2.png\",\"contentUrl\":\"https:\\\/\\\/lecadran-expo.be\\\/wp-content\\\/uploads\\\/2026\\\/04\\\/le-soir-2.png\"},{\"@type\":\"BreadcrumbList\",\"@id\":\"https:\\\/\\\/lecadran-expo.be\\\/#breadcrumb\",\"itemListElement\":[{\"@type\":\"ListItem\",\"position\":1,\"name\":\"Accueil\",\"item\":\"https:\\\/\\\/lecadran-expo.be\\\/\"},{\"@type\":\"ListItem\",\"position\":2,\"name\":\"Homepage\"}]},{\"@type\":\"WebSite\",\"@id\":\"https:\\\/\\\/lecadran-expo.be\\\/#website\",\"url\":\"https:\\\/\\\/lecadran-expo.be\\\/\",\"name\":\"lecadran-expo.be\",\"description\":\"hugo pratt expo corto maltese le cadran li\u00e8ge belgique inventives entresort cong opera laboratori\",\"publisher\":{\"@id\":\"https:\\\/\\\/lecadran-expo.be\\\/#organization\"},\"potentialAction\":[{\"@type\":\"SearchAction\",\"target\":{\"@type\":\"EntryPoint\",\"urlTemplate\":\"https:\\\/\\\/lecadran-expo.be\\\/?s={search_term_string}\"},\"query-input\":{\"@type\":\"PropertyValueSpecification\",\"valueRequired\":true,\"valueName\":\"search_term_string\"}}],\"inLanguage\":\"en-GB\"},{\"@type\":\"Organization\",\"@id\":\"https:\\\/\\\/lecadran-expo.be\\\/#organization\",\"name\":\"Inventives\",\"url\":\"https:\\\/\\\/lecadran-expo.be\\\/\",\"logo\":{\"@type\":\"ImageObject\",\"inLanguage\":\"en-GB\",\"@id\":\"https:\\\/\\\/lecadran-expo.be\\\/#\\\/schema\\\/logo\\\/image\\\/\",\"url\":\"https:\\\/\\\/lecadran-expo.be\\\/wp-content\\\/uploads\\\/2026\\\/05\\\/logo.jpeg\",\"contentUrl\":\"https:\\\/\\\/lecadran-expo.be\\\/wp-content\\\/uploads\\\/2026\\\/05\\\/logo.jpeg\",\"width\":960,\"height\":960,\"caption\":\"Inventives\"},\"image\":{\"@id\":\"https:\\\/\\\/lecadran-expo.be\\\/#\\\/schema\\\/logo\\\/image\\\/\"},\"sameAs\":[\"https:\\\/\\\/www.facebook.com\\\/people\\\/Inventives\\\/61588084365745\\\/\",\"https:\\\/\\\/www.instagram.com\\\/inventives.be\\\/\"]}]}<\/script>\n<!-- \/ Yoast SEO plugin. -->","yoast_head_json":{"title":"Homepage - lecadran-expo.be","robots":{"index":"index","follow":"follow","max-snippet":"max-snippet:-1","max-image-preview":"max-image-preview:large","max-video-preview":"max-video-preview:-1"},"canonical":"https:\/\/lecadran-expo.be\/en_gb\/","og_locale":"en_GB","og_type":"article","og_title":"Homepage - lecadran-expo.be","og_description":"BREAKING NEWS ! Pour participer \u00e0 notre grand jeu, clique sur l&rsquo;image ci-dessous. L&rsquo;EXPOSITION L\u2019exposition Hugo Pratt \u2013 G\u00e9ographies imaginaires pr\u00e9sent\u00e9e \u00e0 Li\u00e8ge en 2026 s\u2019inscrit dans la continuit\u00e9 directe d\u2019une exposition de r\u00e9f\u00e9rence accueillie au Palazzo delle Papesse \u00e0 Sienne en 2025, sous le m\u00eame titre. Cette exposition italienne, produite avec les ayants droit &hellip; Read more \"Homepage\"","og_url":"https:\/\/lecadran-expo.be\/en_gb\/","og_site_name":"lecadran-expo.be","article_publisher":"https:\/\/www.facebook.com\/people\/Inventives\/61588084365745\/","article_modified_time":"2026-04-24T15:10:54+00:00","og_image":[{"width":850,"height":200,"url":"https:\/\/lecadran-expo.be\/wp-content\/uploads\/2026\/04\/le-soir-2.png","type":"image\/png"}],"twitter_card":"summary_large_image","twitter_misc":{"Estimated reading time":"4 minutes"},"schema":{"@context":"https:\/\/schema.org","@graph":[{"@type":"WebPage","@id":"https:\/\/lecadran-expo.be\/","url":"https:\/\/lecadran-expo.be\/","name":"Homepage - lecadran-expo.be","isPartOf":{"@id":"https:\/\/lecadran-expo.be\/#website"},"primaryImageOfPage":{"@id":"https:\/\/lecadran-expo.be\/#primaryimage"},"image":{"@id":"https:\/\/lecadran-expo.be\/#primaryimage"},"thumbnailUrl":"https:\/\/lecadran-expo.be\/wp-content\/uploads\/2026\/04\/le-soir-2.png","datePublished":"2026-03-08T15:54:19+00:00","dateModified":"2026-04-24T15:10:54+00:00","breadcrumb":{"@id":"https:\/\/lecadran-expo.be\/#breadcrumb"},"inLanguage":"en-GB","potentialAction":[{"@type":"ReadAction","target":["https:\/\/lecadran-expo.be\/"]}]},{"@type":"ImageObject","inLanguage":"en-GB","@id":"https:\/\/lecadran-expo.be\/#primaryimage","url":"https:\/\/lecadran-expo.be\/wp-content\/uploads\/2026\/04\/le-soir-2.png","contentUrl":"https:\/\/lecadran-expo.be\/wp-content\/uploads\/2026\/04\/le-soir-2.png"},{"@type":"BreadcrumbList","@id":"https:\/\/lecadran-expo.be\/#breadcrumb","itemListElement":[{"@type":"ListItem","position":1,"name":"Accueil","item":"https:\/\/lecadran-expo.be\/"},{"@type":"ListItem","position":2,"name":"Homepage"}]},{"@type":"WebSite","@id":"https:\/\/lecadran-expo.be\/#website","url":"https:\/\/lecadran-expo.be\/","name":"lecadran-expo.be","description":"hugo pratt expo corto maltese le cadran li\u00e8ge belgique inventives entresort cong opera laboratori","publisher":{"@id":"https:\/\/lecadran-expo.be\/#organization"},"potentialAction":[{"@type":"SearchAction","target":{"@type":"EntryPoint","urlTemplate":"https:\/\/lecadran-expo.be\/?s={search_term_string}"},"query-input":{"@type":"PropertyValueSpecification","valueRequired":true,"valueName":"search_term_string"}}],"inLanguage":"en-GB"},{"@type":"Organization","@id":"https:\/\/lecadran-expo.be\/#organization","name":"Inventives","url":"https:\/\/lecadran-expo.be\/","logo":{"@type":"ImageObject","inLanguage":"en-GB","@id":"https:\/\/lecadran-expo.be\/#\/schema\/logo\/image\/","url":"https:\/\/lecadran-expo.be\/wp-content\/uploads\/2026\/05\/logo.jpeg","contentUrl":"https:\/\/lecadran-expo.be\/wp-content\/uploads\/2026\/05\/logo.jpeg","width":960,"height":960,"caption":"Inventives"},"image":{"@id":"https:\/\/lecadran-expo.be\/#\/schema\/logo\/image\/"},"sameAs":["https:\/\/www.facebook.com\/people\/Inventives\/61588084365745\/","https:\/\/www.instagram.com\/inventives.be\/"]}]}},"_links":{"self":[{"href":"https:\/\/lecadran-expo.be\/en_gb\/wp-json\/wp\/v2\/pages\/16","targetHints":{"allow":["GET"]}}],"collection":[{"href":"https:\/\/lecadran-expo.be\/en_gb\/wp-json\/wp\/v2\/pages"}],"about":[{"href":"https:\/\/lecadran-expo.be\/en_gb\/wp-json\/wp\/v2\/types\/page"}],"author":[{"embeddable":true,"href":"https:\/\/lecadran-expo.be\/en_gb\/wp-json\/wp\/v2\/users\/1"}],"replies":[{"embeddable":true,"href":"https:\/\/lecadran-expo.be\/en_gb\/wp-json\/wp\/v2\/comments?post=16"}],"version-history":[{"count":141,"href":"https:\/\/lecadran-expo.be\/en_gb\/wp-json\/wp\/v2\/pages\/16\/revisions"}],"predecessor-version":[{"id":814,"href":"https:\/\/lecadran-expo.be\/en_gb\/wp-json\/wp\/v2\/pages\/16\/revisions\/814"}],"wp:attachment":[{"href":"https:\/\/lecadran-expo.be\/en_gb\/wp-json\/wp\/v2\/media?parent=16"}],"curies":[{"name":"wp","href":"https:\/\/api.w.org\/{rel}","templated":true}]}}