{"id":171,"date":"2026-03-19T10:26:45","date_gmt":"2026-03-19T10:26:45","guid":{"rendered":"https:\/\/lecadran-expo.be\/?page_id=171"},"modified":"2026-03-23T12:03:02","modified_gmt":"2026-03-23T12:03:02","slug":"soundtrack","status":"publish","type":"page","link":"https:\/\/lecadran-expo.be\/en_gb\/soundtrack\/","title":{"rendered":"Bande Son"},"content":{"rendered":"<p>Hugo Pratt et son personnage Corto Maltese ont foul\u00e9 le sol argentin. <\/p>\n\n\n\n<p>Pratt a v\u00e9cu en Argentine une dizaine d&rsquo;ann\u00e9es, entre 1949 et 1959. Corto Maltese, quant \u00e0 lui, va en 1923 chercher son amie, Louise Brookszowyc, tomb\u00e9e dans les mains d&rsquo;un r\u00e9seau de prostitution. C&rsquo;est dire si Hugo Pratt a entendu, voire plus, le tango argentin ! Car le s\u00e9jour argentin d&rsquo;Hugo Pratt a eu lieu en plein boom du tango. Il a d\u00fb fr\u00e9quenter les bas fonds porte\u00f1os, l\u00e0 o\u00f9 le tango avait pris ses premi\u00e8res racines. Quant \u00e0 Corto, son histoire se passe davantage \u00e0 cette \u00e9poque o\u00f9 le tango connaissait d\u00e9j\u00e0 une forte implantation, en tant que r\u00e9f\u00e9rence majeure de l&rsquo;\u00e2me porte\u00f1a, celle qui se dessine en 1923 et qui est d\u00e9j\u00e0 bien d\u00e9finie en 1949. <\/p>\n\n\n\n<p>Le merveilleux bandon\u00e9oniste qu&rsquo;est C\u00e9sar Stroscio, cr\u00e9ateur du fameux Trio Esquina et qui a fait conna\u00eetre \u00e0 plus d&rsquo;un le tango en France, nous offre un travail en honneur, en hommage, en souvenir, de cet artiste italien qui a aim\u00e9 et partag\u00e9 l&rsquo;Argentine. <\/p>\n\n\n\n<p>Quelques th\u00e8mes font allusion \u00e0 la vie de Pratt: La senegalesa, Corto y Louise. D&rsquo;autres nous proposent des tangos d&rsquo;alors, de ces ann\u00e9es 20 et 30, comme Un placer, Mi refugio ou Malda. <\/p>\n\n\n\n<p>Tous nous font voyager, comme le tango nous le permet, comme Pratt nous l&rsquo;a propos\u00e9.<\/p>\n\n\n\n<iframe data-testid=\"embed-iframe\" style=\"border-radius:12px\" src=\"https:\/\/open.spotify.com\/embed\/album\/5iT6A8AmgtYbf4kaTw8vAE?utm_source=generator\" width=\"100%\" height=\"800\" frameborder=\"0\" allowfullscreen=\"\" allow=\"autoplay; clipboard-write; encrypted-media; fullscreen; picture-in-picture\" loading=\"lazy\"><\/iframe>","protected":false},"excerpt":{"rendered":"<p>Hugo Pratt et son personnage Corto Maltese ont foul\u00e9 le sol argentin. Pratt a v\u00e9cu en Argentine une dizaine d&rsquo;ann\u00e9es, entre 1949 et 1959. Corto Maltese, quant \u00e0 lui, va en 1923 chercher son amie, Louise Brookszowyc, tomb\u00e9e dans les mains d&rsquo;un r\u00e9seau de prostitution. C&rsquo;est dire si Hugo Pratt a entendu, voire plus, le &hellip; <\/p>\n<p class=\"link-more\"><a href=\"https:\/\/lecadran-expo.be\/en_gb\/soundtrack\/\" class=\"more-link\">Read more<span class=\"screen-reader-text\"> \u00ab\u00a0Bande Son\u00a0\u00bb<\/span><\/a><\/p>","protected":false},"author":1,"featured_media":0,"parent":0,"menu_order":0,"comment_status":"closed","ping_status":"closed","template":"","meta":{"inspiro_hide_title":false,"footnotes":""},"class_list":["post-171","page","type-page","status-publish","hentry"],"yoast_head":"<!-- This site is optimized with the Yoast SEO plugin v27.6 - https:\/\/yoast.com\/product\/yoast-seo-wordpress\/ -->\n<title>Bande Son - lecadran-expo.be<\/title>\n<meta name=\"robots\" content=\"index, follow, max-snippet:-1, max-image-preview:large, max-video-preview:-1\" \/>\n<link rel=\"canonical\" href=\"https:\/\/lecadran-expo.be\/en_gb\/soundtrack\/\" \/>\n<meta property=\"og:locale\" content=\"en_GB\" \/>\n<meta property=\"og:type\" content=\"article\" \/>\n<meta property=\"og:title\" content=\"Bande Son - lecadran-expo.be\" \/>\n<meta property=\"og:description\" content=\"Hugo Pratt et son personnage Corto Maltese ont foul\u00e9 le sol argentin. Pratt a v\u00e9cu en Argentine une dizaine d&rsquo;ann\u00e9es, entre 1949 et 1959. Corto Maltese, quant \u00e0 lui, va en 1923 chercher son amie, Louise Brookszowyc, tomb\u00e9e dans les mains d&rsquo;un r\u00e9seau de prostitution. C&rsquo;est dire si Hugo Pratt a entendu, voire plus, le &hellip; Read more &quot;Bande Son&quot;\" \/>\n<meta property=\"og:url\" content=\"https:\/\/lecadran-expo.be\/en_gb\/soundtrack\/\" \/>\n<meta property=\"og:site_name\" content=\"lecadran-expo.be\" \/>\n<meta property=\"article:publisher\" content=\"https:\/\/www.facebook.com\/people\/Inventives\/61588084365745\/\" \/>\n<meta property=\"article:modified_time\" content=\"2026-03-23T12:03:02+00:00\" \/>\n<meta name=\"twitter:card\" content=\"summary_large_image\" \/>\n<meta name=\"twitter:label1\" content=\"Estimated reading time\" \/>\n\t<meta name=\"twitter:data1\" content=\"1 minute\" \/>\n<script type=\"application\/ld+json\" class=\"yoast-schema-graph\">{\"@context\":\"https:\\\/\\\/schema.org\",\"@graph\":[{\"@type\":\"WebPage\",\"@id\":\"https:\\\/\\\/lecadran-expo.be\\\/soundtrack\\\/\",\"url\":\"https:\\\/\\\/lecadran-expo.be\\\/soundtrack\\\/\",\"name\":\"Bande Son - lecadran-expo.be\",\"isPartOf\":{\"@id\":\"https:\\\/\\\/lecadran-expo.be\\\/#website\"},\"datePublished\":\"2026-03-19T10:26:45+00:00\",\"dateModified\":\"2026-03-23T12:03:02+00:00\",\"breadcrumb\":{\"@id\":\"https:\\\/\\\/lecadran-expo.be\\\/soundtrack\\\/#breadcrumb\"},\"inLanguage\":\"en-GB\",\"potentialAction\":[{\"@type\":\"ReadAction\",\"target\":[\"https:\\\/\\\/lecadran-expo.be\\\/soundtrack\\\/\"]}]},{\"@type\":\"BreadcrumbList\",\"@id\":\"https:\\\/\\\/lecadran-expo.be\\\/soundtrack\\\/#breadcrumb\",\"itemListElement\":[{\"@type\":\"ListItem\",\"position\":1,\"name\":\"Accueil\",\"item\":\"https:\\\/\\\/lecadran-expo.be\\\/\"},{\"@type\":\"ListItem\",\"position\":2,\"name\":\"Bande Son\"}]},{\"@type\":\"WebSite\",\"@id\":\"https:\\\/\\\/lecadran-expo.be\\\/#website\",\"url\":\"https:\\\/\\\/lecadran-expo.be\\\/\",\"name\":\"lecadran-expo.be\",\"description\":\"hugo pratt expo corto maltese le cadran li\u00e8ge belgique inventives entresort cong opera laboratori\",\"publisher\":{\"@id\":\"https:\\\/\\\/lecadran-expo.be\\\/#organization\"},\"potentialAction\":[{\"@type\":\"SearchAction\",\"target\":{\"@type\":\"EntryPoint\",\"urlTemplate\":\"https:\\\/\\\/lecadran-expo.be\\\/?s={search_term_string}\"},\"query-input\":{\"@type\":\"PropertyValueSpecification\",\"valueRequired\":true,\"valueName\":\"search_term_string\"}}],\"inLanguage\":\"en-GB\"},{\"@type\":\"Organization\",\"@id\":\"https:\\\/\\\/lecadran-expo.be\\\/#organization\",\"name\":\"Inventives\",\"url\":\"https:\\\/\\\/lecadran-expo.be\\\/\",\"logo\":{\"@type\":\"ImageObject\",\"inLanguage\":\"en-GB\",\"@id\":\"https:\\\/\\\/lecadran-expo.be\\\/#\\\/schema\\\/logo\\\/image\\\/\",\"url\":\"https:\\\/\\\/lecadran-expo.be\\\/wp-content\\\/uploads\\\/2026\\\/05\\\/logo.jpeg\",\"contentUrl\":\"https:\\\/\\\/lecadran-expo.be\\\/wp-content\\\/uploads\\\/2026\\\/05\\\/logo.jpeg\",\"width\":960,\"height\":960,\"caption\":\"Inventives\"},\"image\":{\"@id\":\"https:\\\/\\\/lecadran-expo.be\\\/#\\\/schema\\\/logo\\\/image\\\/\"},\"sameAs\":[\"https:\\\/\\\/www.facebook.com\\\/people\\\/Inventives\\\/61588084365745\\\/\",\"https:\\\/\\\/www.instagram.com\\\/inventives.be\\\/\"]}]}<\/script>\n<!-- \/ Yoast SEO plugin. -->","yoast_head_json":{"title":"Bande Son - lecadran-expo.be","robots":{"index":"index","follow":"follow","max-snippet":"max-snippet:-1","max-image-preview":"max-image-preview:large","max-video-preview":"max-video-preview:-1"},"canonical":"https:\/\/lecadran-expo.be\/en_gb\/soundtrack\/","og_locale":"en_GB","og_type":"article","og_title":"Bande Son - lecadran-expo.be","og_description":"Hugo Pratt et son personnage Corto Maltese ont foul\u00e9 le sol argentin. Pratt a v\u00e9cu en Argentine une dizaine d&rsquo;ann\u00e9es, entre 1949 et 1959. Corto Maltese, quant \u00e0 lui, va en 1923 chercher son amie, Louise Brookszowyc, tomb\u00e9e dans les mains d&rsquo;un r\u00e9seau de prostitution. C&rsquo;est dire si Hugo Pratt a entendu, voire plus, le &hellip; Read more \"Bande Son\"","og_url":"https:\/\/lecadran-expo.be\/en_gb\/soundtrack\/","og_site_name":"lecadran-expo.be","article_publisher":"https:\/\/www.facebook.com\/people\/Inventives\/61588084365745\/","article_modified_time":"2026-03-23T12:03:02+00:00","twitter_card":"summary_large_image","twitter_misc":{"Estimated reading time":"1 minute"},"schema":{"@context":"https:\/\/schema.org","@graph":[{"@type":"WebPage","@id":"https:\/\/lecadran-expo.be\/soundtrack\/","url":"https:\/\/lecadran-expo.be\/soundtrack\/","name":"Bande Son - lecadran-expo.be","isPartOf":{"@id":"https:\/\/lecadran-expo.be\/#website"},"datePublished":"2026-03-19T10:26:45+00:00","dateModified":"2026-03-23T12:03:02+00:00","breadcrumb":{"@id":"https:\/\/lecadran-expo.be\/soundtrack\/#breadcrumb"},"inLanguage":"en-GB","potentialAction":[{"@type":"ReadAction","target":["https:\/\/lecadran-expo.be\/soundtrack\/"]}]},{"@type":"BreadcrumbList","@id":"https:\/\/lecadran-expo.be\/soundtrack\/#breadcrumb","itemListElement":[{"@type":"ListItem","position":1,"name":"Accueil","item":"https:\/\/lecadran-expo.be\/"},{"@type":"ListItem","position":2,"name":"Bande Son"}]},{"@type":"WebSite","@id":"https:\/\/lecadran-expo.be\/#website","url":"https:\/\/lecadran-expo.be\/","name":"lecadran-expo.be","description":"hugo pratt expo corto maltese le cadran li\u00e8ge belgique inventives entresort cong opera laboratori","publisher":{"@id":"https:\/\/lecadran-expo.be\/#organization"},"potentialAction":[{"@type":"SearchAction","target":{"@type":"EntryPoint","urlTemplate":"https:\/\/lecadran-expo.be\/?s={search_term_string}"},"query-input":{"@type":"PropertyValueSpecification","valueRequired":true,"valueName":"search_term_string"}}],"inLanguage":"en-GB"},{"@type":"Organization","@id":"https:\/\/lecadran-expo.be\/#organization","name":"Inventives","url":"https:\/\/lecadran-expo.be\/","logo":{"@type":"ImageObject","inLanguage":"en-GB","@id":"https:\/\/lecadran-expo.be\/#\/schema\/logo\/image\/","url":"https:\/\/lecadran-expo.be\/wp-content\/uploads\/2026\/05\/logo.jpeg","contentUrl":"https:\/\/lecadran-expo.be\/wp-content\/uploads\/2026\/05\/logo.jpeg","width":960,"height":960,"caption":"Inventives"},"image":{"@id":"https:\/\/lecadran-expo.be\/#\/schema\/logo\/image\/"},"sameAs":["https:\/\/www.facebook.com\/people\/Inventives\/61588084365745\/","https:\/\/www.instagram.com\/inventives.be\/"]}]}},"_links":{"self":[{"href":"https:\/\/lecadran-expo.be\/en_gb\/wp-json\/wp\/v2\/pages\/171","targetHints":{"allow":["GET"]}}],"collection":[{"href":"https:\/\/lecadran-expo.be\/en_gb\/wp-json\/wp\/v2\/pages"}],"about":[{"href":"https:\/\/lecadran-expo.be\/en_gb\/wp-json\/wp\/v2\/types\/page"}],"author":[{"embeddable":true,"href":"https:\/\/lecadran-expo.be\/en_gb\/wp-json\/wp\/v2\/users\/1"}],"replies":[{"embeddable":true,"href":"https:\/\/lecadran-expo.be\/en_gb\/wp-json\/wp\/v2\/comments?post=171"}],"version-history":[{"count":6,"href":"https:\/\/lecadran-expo.be\/en_gb\/wp-json\/wp\/v2\/pages\/171\/revisions"}],"predecessor-version":[{"id":289,"href":"https:\/\/lecadran-expo.be\/en_gb\/wp-json\/wp\/v2\/pages\/171\/revisions\/289"}],"wp:attachment":[{"href":"https:\/\/lecadran-expo.be\/en_gb\/wp-json\/wp\/v2\/media?parent=171"}],"curies":[{"name":"wp","href":"https:\/\/api.w.org\/{rel}","templated":true}]}}