{"id":251,"date":"2026-03-23T10:59:18","date_gmt":"2026-03-23T10:59:18","guid":{"rendered":"https:\/\/lecadran-expo.be\/?page_id=251"},"modified":"2026-03-26T12:02:38","modified_gmt":"2026-03-26T12:02:38","slug":"visite-de-groupe","status":"publish","type":"page","link":"https:\/\/lecadran-expo.be\/en_gb\/visite-de-groupe\/","title":{"rendered":"Group visit"},"content":{"rendered":"<p><strong>Discover our benefits and plan your group visit to the Hugo Pratt \u2013 G\u00e9ographies imaginaires exhibition at Le Cadran in Li\u00e8ge !<\/strong><br><\/p>\n\n\n\n<p>Planning an outing with your organization ? Looking for a cultural activity to enjoy with colleagues ? Organising an excursion with your association ? <\/p>\n\n\n\n<p>Plan your group visit with us and come discover the exhibition. <strong>Hugo Pratt. Imaginary Geographies <\/strong>at Le Cadran (Li\u00e8ge) at a reduced price!<\/p>\n\n\n\n<p class=\"translation-block\"><strong>From 15 people, you benefit from a preferential rate<\/strong> and the option to request a <strong>guide<\/strong> for a personalized tour.<\/p>\n\n\n\n<p class=\"translation-block\">Enjoy a unique exhibition that will introduce you to the <strong>lincredible diversity of Hugo Pratt\u2019s work <\/strong> lthrough his remarkable universe.<\/p>\n\n\n\n<p>To book your visit, please provide your contact details and requirements. We will get back to you as soon as possible to arrange a visit tailored to your needs.<\/p>\n\n\n\n<figure class=\"wp-block-image size-large is-resized\"><img loading=\"lazy\" decoding=\"async\" width=\"1024\" height=\"252\" src=\"https:\/\/lecadran-expo.be\/wp-content\/uploads\/2026\/03\/EXPO-HUGO-PRATT_RTBF_Desktop_650x160px-1024x252.jpg\" alt=\"\" class=\"wp-image-263\" style=\"aspect-ratio:4.063551169678345;width:1176px;height:auto\" srcset=\"https:\/\/lecadran-expo.be\/wp-content\/uploads\/2026\/03\/EXPO-HUGO-PRATT_RTBF_Desktop_650x160px-1024x252.jpg 1024w, https:\/\/lecadran-expo.be\/wp-content\/uploads\/2026\/03\/EXPO-HUGO-PRATT_RTBF_Desktop_650x160px-300x74.jpg 300w, https:\/\/lecadran-expo.be\/wp-content\/uploads\/2026\/03\/EXPO-HUGO-PRATT_RTBF_Desktop_650x160px-2000x493.jpg 2000w, https:\/\/lecadran-expo.be\/wp-content\/uploads\/2026\/03\/EXPO-HUGO-PRATT_RTBF_Desktop_650x160px-scaled-18x4.jpg 18w\" sizes=\"auto, (max-width: 1024px) 100vw, 1024px\" \/><\/figure>\n\n\n\n<p><strong>Pratical informations<\/strong><\/p>\n\n\n\n<p><strong>14,5\u20ac <\/strong>\/pax<\/p>\n\n\n\n<p class=\"translation-block\"><strong>From 15 people<\/strong>, with a maximum of 20 people per guide.<\/p>\n\n\n\n<p>Guide fee: \u20ac135 (optional and to be confirmed 5 working days before the visit).<\/p>\n\n\n\n<p>Around 90min.of visit<\/p>\n\n\n\n<p>Booking must be made 15 working days prior to the visit date.<\/p>\n\n\n\n<p><strong>Practical information &amp; group bookings<\/strong> : <a href=\"mailto:com@inventives.be\">com@inventives.be<\/a><\/p>","protected":false},"excerpt":{"rendered":"<p>D\u00e9couvrez nos avantages et organisez votre visite de groupe \u00e0 l&rsquo;exposition Hugo Pratt. G\u00e9ographies imaginaires au Cadran, \u00e0 Li\u00e8ge ! Une sortie \u00e0 organiser avec votre organisation ? Une activit\u00e9 culturelle \u00e0 faire entre coll\u00e8gues ? Une excursion \u00e0 organiser avec votre association ? Organisez avec nous votre visite de groupe et venez d\u00e9couvrir l\u2019exposition &hellip; <\/p>\n<p class=\"link-more\"><a href=\"https:\/\/lecadran-expo.be\/en_gb\/visite-de-groupe\/\" class=\"more-link\">Read more<span class=\"screen-reader-text\"> \u00ab\u00a0Visite de groupes\u00a0\u00bb<\/span><\/a><\/p>","protected":false},"author":1,"featured_media":0,"parent":0,"menu_order":0,"comment_status":"closed","ping_status":"closed","template":"","meta":{"inspiro_hide_title":false,"footnotes":""},"class_list":["post-251","page","type-page","status-publish","hentry"],"yoast_head":"<!-- This site is optimized with the Yoast SEO plugin v27.6 - https:\/\/yoast.com\/product\/yoast-seo-wordpress\/ -->\n<title>Visite de groupes - lecadran-expo.be<\/title>\n<meta name=\"robots\" content=\"index, follow, max-snippet:-1, max-image-preview:large, max-video-preview:-1\" \/>\n<link rel=\"canonical\" href=\"https:\/\/lecadran-expo.be\/en_gb\/visite-de-groupe\/\" \/>\n<meta property=\"og:locale\" content=\"en_GB\" \/>\n<meta property=\"og:type\" content=\"article\" \/>\n<meta property=\"og:title\" content=\"Visite de groupes - lecadran-expo.be\" \/>\n<meta property=\"og:description\" content=\"D\u00e9couvrez nos avantages et organisez votre visite de groupe \u00e0 l&rsquo;exposition Hugo Pratt. G\u00e9ographies imaginaires au Cadran, \u00e0 Li\u00e8ge ! Une sortie \u00e0 organiser avec votre organisation ? Une activit\u00e9 culturelle \u00e0 faire entre coll\u00e8gues ? Une excursion \u00e0 organiser avec votre association ? Organisez avec nous votre visite de groupe et venez d\u00e9couvrir l\u2019exposition &hellip; Read more &quot;Visite de groupes&quot;\" \/>\n<meta property=\"og:url\" content=\"https:\/\/lecadran-expo.be\/en_gb\/visite-de-groupe\/\" \/>\n<meta property=\"og:site_name\" content=\"lecadran-expo.be\" \/>\n<meta property=\"article:publisher\" content=\"https:\/\/www.facebook.com\/people\/Inventives\/61588084365745\/\" \/>\n<meta property=\"article:modified_time\" content=\"2026-03-26T12:02:38+00:00\" \/>\n<meta property=\"og:image\" content=\"https:\/\/lecadran-expo.be\/wp-content\/uploads\/2026\/03\/EXPO-HUGO-PRATT_RTBF_Desktop_650x160px-scaled.jpg\" \/>\n\t<meta property=\"og:image:width\" content=\"2560\" \/>\n\t<meta property=\"og:image:height\" content=\"631\" \/>\n\t<meta property=\"og:image:type\" content=\"image\/jpeg\" \/>\n<meta name=\"twitter:card\" content=\"summary_large_image\" \/>\n<meta name=\"twitter:label1\" content=\"Estimated reading time\" \/>\n\t<meta name=\"twitter:data1\" content=\"1 minute\" \/>\n<script type=\"application\/ld+json\" class=\"yoast-schema-graph\">{\"@context\":\"https:\\\/\\\/schema.org\",\"@graph\":[{\"@type\":\"WebPage\",\"@id\":\"https:\\\/\\\/lecadran-expo.be\\\/visite-de-groupe\\\/\",\"url\":\"https:\\\/\\\/lecadran-expo.be\\\/visite-de-groupe\\\/\",\"name\":\"Visite de groupes - lecadran-expo.be\",\"isPartOf\":{\"@id\":\"https:\\\/\\\/lecadran-expo.be\\\/#website\"},\"primaryImageOfPage\":{\"@id\":\"https:\\\/\\\/lecadran-expo.be\\\/visite-de-groupe\\\/#primaryimage\"},\"image\":{\"@id\":\"https:\\\/\\\/lecadran-expo.be\\\/visite-de-groupe\\\/#primaryimage\"},\"thumbnailUrl\":\"https:\\\/\\\/lecadran-expo.be\\\/wp-content\\\/uploads\\\/2026\\\/03\\\/EXPO-HUGO-PRATT_RTBF_Desktop_650x160px-1024x252.jpg\",\"datePublished\":\"2026-03-23T10:59:18+00:00\",\"dateModified\":\"2026-03-26T12:02:38+00:00\",\"breadcrumb\":{\"@id\":\"https:\\\/\\\/lecadran-expo.be\\\/visite-de-groupe\\\/#breadcrumb\"},\"inLanguage\":\"en-GB\",\"potentialAction\":[{\"@type\":\"ReadAction\",\"target\":[\"https:\\\/\\\/lecadran-expo.be\\\/visite-de-groupe\\\/\"]}]},{\"@type\":\"ImageObject\",\"inLanguage\":\"en-GB\",\"@id\":\"https:\\\/\\\/lecadran-expo.be\\\/visite-de-groupe\\\/#primaryimage\",\"url\":\"https:\\\/\\\/lecadran-expo.be\\\/wp-content\\\/uploads\\\/2026\\\/03\\\/EXPO-HUGO-PRATT_RTBF_Desktop_650x160px-1024x252.jpg\",\"contentUrl\":\"https:\\\/\\\/lecadran-expo.be\\\/wp-content\\\/uploads\\\/2026\\\/03\\\/EXPO-HUGO-PRATT_RTBF_Desktop_650x160px-1024x252.jpg\"},{\"@type\":\"BreadcrumbList\",\"@id\":\"https:\\\/\\\/lecadran-expo.be\\\/visite-de-groupe\\\/#breadcrumb\",\"itemListElement\":[{\"@type\":\"ListItem\",\"position\":1,\"name\":\"Accueil\",\"item\":\"https:\\\/\\\/lecadran-expo.be\\\/\"},{\"@type\":\"ListItem\",\"position\":2,\"name\":\"Visite de groupes\"}]},{\"@type\":\"WebSite\",\"@id\":\"https:\\\/\\\/lecadran-expo.be\\\/#website\",\"url\":\"https:\\\/\\\/lecadran-expo.be\\\/\",\"name\":\"lecadran-expo.be\",\"description\":\"hugo pratt expo corto maltese le cadran li\u00e8ge belgique inventives entresort cong opera laboratori\",\"publisher\":{\"@id\":\"https:\\\/\\\/lecadran-expo.be\\\/#organization\"},\"potentialAction\":[{\"@type\":\"SearchAction\",\"target\":{\"@type\":\"EntryPoint\",\"urlTemplate\":\"https:\\\/\\\/lecadran-expo.be\\\/?s={search_term_string}\"},\"query-input\":{\"@type\":\"PropertyValueSpecification\",\"valueRequired\":true,\"valueName\":\"search_term_string\"}}],\"inLanguage\":\"en-GB\"},{\"@type\":\"Organization\",\"@id\":\"https:\\\/\\\/lecadran-expo.be\\\/#organization\",\"name\":\"Inventives\",\"url\":\"https:\\\/\\\/lecadran-expo.be\\\/\",\"logo\":{\"@type\":\"ImageObject\",\"inLanguage\":\"en-GB\",\"@id\":\"https:\\\/\\\/lecadran-expo.be\\\/#\\\/schema\\\/logo\\\/image\\\/\",\"url\":\"https:\\\/\\\/lecadran-expo.be\\\/wp-content\\\/uploads\\\/2026\\\/05\\\/logo.jpeg\",\"contentUrl\":\"https:\\\/\\\/lecadran-expo.be\\\/wp-content\\\/uploads\\\/2026\\\/05\\\/logo.jpeg\",\"width\":960,\"height\":960,\"caption\":\"Inventives\"},\"image\":{\"@id\":\"https:\\\/\\\/lecadran-expo.be\\\/#\\\/schema\\\/logo\\\/image\\\/\"},\"sameAs\":[\"https:\\\/\\\/www.facebook.com\\\/people\\\/Inventives\\\/61588084365745\\\/\",\"https:\\\/\\\/www.instagram.com\\\/inventives.be\\\/\"]}]}<\/script>\n<!-- \/ Yoast SEO plugin. -->","yoast_head_json":{"title":"Visite de groupes - lecadran-expo.be","robots":{"index":"index","follow":"follow","max-snippet":"max-snippet:-1","max-image-preview":"max-image-preview:large","max-video-preview":"max-video-preview:-1"},"canonical":"https:\/\/lecadran-expo.be\/en_gb\/visite-de-groupe\/","og_locale":"en_GB","og_type":"article","og_title":"Visite de groupes - lecadran-expo.be","og_description":"D\u00e9couvrez nos avantages et organisez votre visite de groupe \u00e0 l&rsquo;exposition Hugo Pratt. G\u00e9ographies imaginaires au Cadran, \u00e0 Li\u00e8ge ! Une sortie \u00e0 organiser avec votre organisation ? Une activit\u00e9 culturelle \u00e0 faire entre coll\u00e8gues ? Une excursion \u00e0 organiser avec votre association ? Organisez avec nous votre visite de groupe et venez d\u00e9couvrir l\u2019exposition &hellip; Read more \"Visite de groupes\"","og_url":"https:\/\/lecadran-expo.be\/en_gb\/visite-de-groupe\/","og_site_name":"lecadran-expo.be","article_publisher":"https:\/\/www.facebook.com\/people\/Inventives\/61588084365745\/","article_modified_time":"2026-03-26T12:02:38+00:00","og_image":[{"width":2560,"height":631,"url":"https:\/\/lecadran-expo.be\/wp-content\/uploads\/2026\/03\/EXPO-HUGO-PRATT_RTBF_Desktop_650x160px-scaled.jpg","type":"image\/jpeg"}],"twitter_card":"summary_large_image","twitter_misc":{"Estimated reading time":"1 minute"},"schema":{"@context":"https:\/\/schema.org","@graph":[{"@type":"WebPage","@id":"https:\/\/lecadran-expo.be\/visite-de-groupe\/","url":"https:\/\/lecadran-expo.be\/visite-de-groupe\/","name":"Visite de groupes - lecadran-expo.be","isPartOf":{"@id":"https:\/\/lecadran-expo.be\/#website"},"primaryImageOfPage":{"@id":"https:\/\/lecadran-expo.be\/visite-de-groupe\/#primaryimage"},"image":{"@id":"https:\/\/lecadran-expo.be\/visite-de-groupe\/#primaryimage"},"thumbnailUrl":"https:\/\/lecadran-expo.be\/wp-content\/uploads\/2026\/03\/EXPO-HUGO-PRATT_RTBF_Desktop_650x160px-1024x252.jpg","datePublished":"2026-03-23T10:59:18+00:00","dateModified":"2026-03-26T12:02:38+00:00","breadcrumb":{"@id":"https:\/\/lecadran-expo.be\/visite-de-groupe\/#breadcrumb"},"inLanguage":"en-GB","potentialAction":[{"@type":"ReadAction","target":["https:\/\/lecadran-expo.be\/visite-de-groupe\/"]}]},{"@type":"ImageObject","inLanguage":"en-GB","@id":"https:\/\/lecadran-expo.be\/visite-de-groupe\/#primaryimage","url":"https:\/\/lecadran-expo.be\/wp-content\/uploads\/2026\/03\/EXPO-HUGO-PRATT_RTBF_Desktop_650x160px-1024x252.jpg","contentUrl":"https:\/\/lecadran-expo.be\/wp-content\/uploads\/2026\/03\/EXPO-HUGO-PRATT_RTBF_Desktop_650x160px-1024x252.jpg"},{"@type":"BreadcrumbList","@id":"https:\/\/lecadran-expo.be\/visite-de-groupe\/#breadcrumb","itemListElement":[{"@type":"ListItem","position":1,"name":"Accueil","item":"https:\/\/lecadran-expo.be\/"},{"@type":"ListItem","position":2,"name":"Visite de groupes"}]},{"@type":"WebSite","@id":"https:\/\/lecadran-expo.be\/#website","url":"https:\/\/lecadran-expo.be\/","name":"lecadran-expo.be","description":"hugo pratt expo corto maltese le cadran li\u00e8ge belgique inventives entresort cong opera laboratori","publisher":{"@id":"https:\/\/lecadran-expo.be\/#organization"},"potentialAction":[{"@type":"SearchAction","target":{"@type":"EntryPoint","urlTemplate":"https:\/\/lecadran-expo.be\/?s={search_term_string}"},"query-input":{"@type":"PropertyValueSpecification","valueRequired":true,"valueName":"search_term_string"}}],"inLanguage":"en-GB"},{"@type":"Organization","@id":"https:\/\/lecadran-expo.be\/#organization","name":"Inventives","url":"https:\/\/lecadran-expo.be\/","logo":{"@type":"ImageObject","inLanguage":"en-GB","@id":"https:\/\/lecadran-expo.be\/#\/schema\/logo\/image\/","url":"https:\/\/lecadran-expo.be\/wp-content\/uploads\/2026\/05\/logo.jpeg","contentUrl":"https:\/\/lecadran-expo.be\/wp-content\/uploads\/2026\/05\/logo.jpeg","width":960,"height":960,"caption":"Inventives"},"image":{"@id":"https:\/\/lecadran-expo.be\/#\/schema\/logo\/image\/"},"sameAs":["https:\/\/www.facebook.com\/people\/Inventives\/61588084365745\/","https:\/\/www.instagram.com\/inventives.be\/"]}]}},"_links":{"self":[{"href":"https:\/\/lecadran-expo.be\/en_gb\/wp-json\/wp\/v2\/pages\/251","targetHints":{"allow":["GET"]}}],"collection":[{"href":"https:\/\/lecadran-expo.be\/en_gb\/wp-json\/wp\/v2\/pages"}],"about":[{"href":"https:\/\/lecadran-expo.be\/en_gb\/wp-json\/wp\/v2\/types\/page"}],"author":[{"embeddable":true,"href":"https:\/\/lecadran-expo.be\/en_gb\/wp-json\/wp\/v2\/users\/1"}],"replies":[{"embeddable":true,"href":"https:\/\/lecadran-expo.be\/en_gb\/wp-json\/wp\/v2\/comments?post=251"}],"version-history":[{"count":13,"href":"https:\/\/lecadran-expo.be\/en_gb\/wp-json\/wp\/v2\/pages\/251\/revisions"}],"predecessor-version":[{"id":379,"href":"https:\/\/lecadran-expo.be\/en_gb\/wp-json\/wp\/v2\/pages\/251\/revisions\/379"}],"wp:attachment":[{"href":"https:\/\/lecadran-expo.be\/en_gb\/wp-json\/wp\/v2\/media?parent=251"}],"curies":[{"name":"wp","href":"https:\/\/api.w.org\/{rel}","templated":true}]}}