{"id":269,"date":"2026-03-23T11:36:06","date_gmt":"2026-03-23T11:36:06","guid":{"rendered":"https:\/\/lecadran-expo.be\/?page_id=269"},"modified":"2026-04-23T14:34:39","modified_gmt":"2026-04-23T14:34:39","slug":"acces","status":"publish","type":"page","link":"https:\/\/lecadran-expo.be\/en_gb\/acces\/","title":{"rendered":"Access"},"content":{"rendered":"<p>The exhibition <strong>Hugo Pratt. Imaginary Geographies<\/strong> is held at Le Cadran, 6 Rue de Bruxelles, 4000 Li\u00e8ge. <\/p>\n\n\n\n<p>We are located 100m from Place Saint-Lambert, right in the heart of the \"Fiery City\", 75m from the Palace of the Prince-Bishops.<\/p>\n\n\n\n<p>This exhibition is accessible to everyone. <\/p>\n\n\n\n<p><strong>Only the Rotunda space, which hosts an immersive video about Hugo Pratt, is not accessible to people with reduced mobility.<\/strong><\/p>\n\n\n\n<p>The languages used at the exhibition are <strong>French, Dutch, English and Italian<\/strong>.<strong> <\/strong><\/p>\n\n\n\n<iframe src=\"https:\/\/www.google.com\/maps\/embed?pb=!1m18!1m12!1m3!1d2529.984383398093!2d5.566963212546582!3d50.64598117314708!2m3!1f0!2f0!3f0!3m2!1i1024!2i768!4f13.1!3m3!1m2!1s0x47c0fa120ebd3317%3A0xba4ac7314ce6a30e!2sLe%20Cadran!5e0!3m2!1sfr!2sus!4v1774265370823!5m2!1sfr!2sus\" width=\"850\" height=\"350\" style=\"border:0;\" allowfullscreen=\"\" loading=\"lazy\" referrerpolicy=\"no-referrer-when-downgrade\"><\/iframe>\n\n\n\n<p>To join us...<\/p>\n\n\n\n<p><strong>By bicycle<\/strong> <strong>\u2013<\/strong> The exhibition can be reached by bicycle. The grass area in front of the entrance is at your disposal. Barriers will be in place to secure these during your visit. <\/p>\n\n\n\n<p><strong>By car<\/strong> <strong>\u2013<\/strong> <strong>Saint-Lambert Car Park<\/strong>, With 500 spaces, it is located less than 120 metres from the doors of the Cadran. It is open every day from 07:00 to 01:00. Exit is possible 24\/7 with your entry ticket via the \u00abPalais\u00bb pedestrian access.<\/p>\n\n\n\n<p><strong>On a tram \u2013<\/strong> From all TEC connections, we are 300 metres from the tram stop, called <strong>Place Saint-Lambert Station<\/strong>.<\/p>\n\n\n\n<p><strong>A bus<\/strong> <strong>\u2013<\/strong> A true hub for TEC buses, numerous lines pass through or cross Place Saint-Lambert. <strong>Saint-Lambert Square Bus Stop<\/strong>. 150m from our doors.<\/p>\n\n\n\n<p><strong>On the train<\/strong> <strong>\u2013<\/strong> We are located just 25m from the SNCB train station, called <strong>Li\u00e8ge-Saint-Lambert<\/strong>. Consult the site&nbsp;<a href=\"https:\/\/www.belgiantrain.be\/fr\/leisure\/discovery-ticket\/\" target=\"_blank\" rel=\"noreferrer noopener\">www.sncb.be<\/a>&nbsp;to find a schedule and buy a ticket.<\/p>\n\n\n\n<hr class=\"wp-block-separator has-alpha-channel-opacity\"\/>\n\n\n\n<div style=\"height:16px\" aria-hidden=\"true\" class=\"wp-block-spacer\"><\/div>\n\n\n\n<p>Finally, to best organise your stay in Li\u00e8ge for your visit to the exhibition, numerous accommodation solutions are available, ranging from charming hotels to contemporary establishments in the city centre.<\/p>\n\n\n\n<p>We invite you to visit the website of the Li\u00e8ge Hotel Association, which brings together a wide selection of partner hotels catering to different budgets and expectations. There you will easily find accommodation suited to your needs, close to the city's main cultural and tourist attractions.<\/p>\n\n\n\n<p>Visit their platform to discover availability and book your stay with ease. Click on the logo below.<\/p>\n\n\n\n<figure class=\"wp-block-image aligncenter size-full is-resized\"><a href=\"https:\/\/ahliege.be\/\" target=\"_blank\" rel=\" noreferrer noopener\"><img loading=\"lazy\" decoding=\"async\" width=\"1024\" height=\"209\" src=\"https:\/\/lecadran-expo.be\/wp-content\/uploads\/2026\/04\/cropped-logo-association-des-hoteliers-de-liege-v2.png\" alt=\"\" class=\"wp-image-807\" style=\"width:300px\" srcset=\"https:\/\/lecadran-expo.be\/wp-content\/uploads\/2026\/04\/cropped-logo-association-des-hoteliers-de-liege-v2.png 1024w, https:\/\/lecadran-expo.be\/wp-content\/uploads\/2026\/04\/cropped-logo-association-des-hoteliers-de-liege-v2-300x61.png 300w, https:\/\/lecadran-expo.be\/wp-content\/uploads\/2026\/04\/cropped-logo-association-des-hoteliers-de-liege-v2-18x4.png 18w\" sizes=\"auto, (max-width: 1024px) 100vw, 1024px\" \/><\/a><\/figure>\n\n\n\n<p>Make the most of your visit to Li\u00e8ge by combining your exhibition experience with a comfortable stay in the heart of the \"Cit\u00e9 ardente\".<\/p>\n\n\n\n<p><\/p>","protected":false},"excerpt":{"rendered":"<p>L\u2019exposition Hugo Pratt. G\u00e9ographies imaginaires se tient au Cadran, rue de Bruxelles 6 \u00e0 4000 Li\u00e8ge. Nous sommes situ\u00e9s \u00e0 100m de la Place Saint-Lambert, en plein coeur de la Cit\u00e9 ardente, \u00e0 75m du Palais des Princes-Ev\u00eaques. Cette exposition est accessible \u00e0 tous. Seul l&rsquo;espace de la Rotonde accueillant une vid\u00e9o immersive sur Hugo &hellip; <\/p>\n<p class=\"link-more\"><a href=\"https:\/\/lecadran-expo.be\/en_gb\/acces\/\" class=\"more-link\">Read more<span class=\"screen-reader-text\"> \u00ab\u00a0Acc\u00e8s\u00a0\u00bb<\/span><\/a><\/p>","protected":false},"author":1,"featured_media":0,"parent":0,"menu_order":0,"comment_status":"closed","ping_status":"closed","template":"","meta":{"inspiro_hide_title":false,"footnotes":""},"class_list":["post-269","page","type-page","status-publish","hentry"],"yoast_head":"<!-- This site is optimized with the Yoast SEO plugin v27.6 - https:\/\/yoast.com\/product\/yoast-seo-wordpress\/ -->\n<title>Acc\u00e8s - lecadran-expo.be<\/title>\n<meta name=\"robots\" content=\"index, follow, max-snippet:-1, max-image-preview:large, max-video-preview:-1\" \/>\n<link rel=\"canonical\" href=\"https:\/\/lecadran-expo.be\/en_gb\/acces\/\" \/>\n<meta property=\"og:locale\" content=\"en_GB\" \/>\n<meta property=\"og:type\" content=\"article\" \/>\n<meta property=\"og:title\" content=\"Acc\u00e8s - lecadran-expo.be\" \/>\n<meta property=\"og:description\" content=\"L\u2019exposition Hugo Pratt. G\u00e9ographies imaginaires se tient au Cadran, rue de Bruxelles 6 \u00e0 4000 Li\u00e8ge. Nous sommes situ\u00e9s \u00e0 100m de la Place Saint-Lambert, en plein coeur de la Cit\u00e9 ardente, \u00e0 75m du Palais des Princes-Ev\u00eaques. Cette exposition est accessible \u00e0 tous. Seul l&rsquo;espace de la Rotonde accueillant une vid\u00e9o immersive sur Hugo &hellip; Read more &quot;Acc\u00e8s&quot;\" \/>\n<meta property=\"og:url\" content=\"https:\/\/lecadran-expo.be\/en_gb\/acces\/\" \/>\n<meta property=\"og:site_name\" content=\"lecadran-expo.be\" \/>\n<meta property=\"article:publisher\" content=\"https:\/\/www.facebook.com\/people\/Inventives\/61588084365745\/\" \/>\n<meta property=\"article:modified_time\" content=\"2026-04-23T14:34:39+00:00\" \/>\n<meta property=\"og:image\" content=\"https:\/\/lecadran-expo.be\/wp-content\/uploads\/2026\/04\/cropped-logo-association-des-hoteliers-de-liege-v2.png\" \/>\n\t<meta property=\"og:image:width\" content=\"1024\" \/>\n\t<meta property=\"og:image:height\" content=\"209\" \/>\n\t<meta property=\"og:image:type\" content=\"image\/png\" \/>\n<meta name=\"twitter:card\" content=\"summary_large_image\" \/>\n<meta name=\"twitter:label1\" content=\"Estimated reading time\" \/>\n\t<meta name=\"twitter:data1\" content=\"2 minutes\" \/>\n<script type=\"application\/ld+json\" class=\"yoast-schema-graph\">{\"@context\":\"https:\\\/\\\/schema.org\",\"@graph\":[{\"@type\":\"WebPage\",\"@id\":\"https:\\\/\\\/lecadran-expo.be\\\/acces\\\/\",\"url\":\"https:\\\/\\\/lecadran-expo.be\\\/acces\\\/\",\"name\":\"Acc\u00e8s - lecadran-expo.be\",\"isPartOf\":{\"@id\":\"https:\\\/\\\/lecadran-expo.be\\\/#website\"},\"primaryImageOfPage\":{\"@id\":\"https:\\\/\\\/lecadran-expo.be\\\/acces\\\/#primaryimage\"},\"image\":{\"@id\":\"https:\\\/\\\/lecadran-expo.be\\\/acces\\\/#primaryimage\"},\"thumbnailUrl\":\"https:\\\/\\\/lecadran-expo.be\\\/wp-content\\\/uploads\\\/2026\\\/04\\\/cropped-logo-association-des-hoteliers-de-liege-v2.png\",\"datePublished\":\"2026-03-23T11:36:06+00:00\",\"dateModified\":\"2026-04-23T14:34:39+00:00\",\"breadcrumb\":{\"@id\":\"https:\\\/\\\/lecadran-expo.be\\\/acces\\\/#breadcrumb\"},\"inLanguage\":\"en-GB\",\"potentialAction\":[{\"@type\":\"ReadAction\",\"target\":[\"https:\\\/\\\/lecadran-expo.be\\\/acces\\\/\"]}]},{\"@type\":\"ImageObject\",\"inLanguage\":\"en-GB\",\"@id\":\"https:\\\/\\\/lecadran-expo.be\\\/acces\\\/#primaryimage\",\"url\":\"https:\\\/\\\/lecadran-expo.be\\\/wp-content\\\/uploads\\\/2026\\\/04\\\/cropped-logo-association-des-hoteliers-de-liege-v2.png\",\"contentUrl\":\"https:\\\/\\\/lecadran-expo.be\\\/wp-content\\\/uploads\\\/2026\\\/04\\\/cropped-logo-association-des-hoteliers-de-liege-v2.png\"},{\"@type\":\"BreadcrumbList\",\"@id\":\"https:\\\/\\\/lecadran-expo.be\\\/acces\\\/#breadcrumb\",\"itemListElement\":[{\"@type\":\"ListItem\",\"position\":1,\"name\":\"Accueil\",\"item\":\"https:\\\/\\\/lecadran-expo.be\\\/\"},{\"@type\":\"ListItem\",\"position\":2,\"name\":\"Acc\u00e8s\"}]},{\"@type\":\"WebSite\",\"@id\":\"https:\\\/\\\/lecadran-expo.be\\\/#website\",\"url\":\"https:\\\/\\\/lecadran-expo.be\\\/\",\"name\":\"lecadran-expo.be\",\"description\":\"hugo pratt expo corto maltese le cadran li\u00e8ge belgique inventives entresort cong opera laboratori\",\"publisher\":{\"@id\":\"https:\\\/\\\/lecadran-expo.be\\\/#organization\"},\"potentialAction\":[{\"@type\":\"SearchAction\",\"target\":{\"@type\":\"EntryPoint\",\"urlTemplate\":\"https:\\\/\\\/lecadran-expo.be\\\/?s={search_term_string}\"},\"query-input\":{\"@type\":\"PropertyValueSpecification\",\"valueRequired\":true,\"valueName\":\"search_term_string\"}}],\"inLanguage\":\"en-GB\"},{\"@type\":\"Organization\",\"@id\":\"https:\\\/\\\/lecadran-expo.be\\\/#organization\",\"name\":\"Inventives\",\"url\":\"https:\\\/\\\/lecadran-expo.be\\\/\",\"logo\":{\"@type\":\"ImageObject\",\"inLanguage\":\"en-GB\",\"@id\":\"https:\\\/\\\/lecadran-expo.be\\\/#\\\/schema\\\/logo\\\/image\\\/\",\"url\":\"https:\\\/\\\/lecadran-expo.be\\\/wp-content\\\/uploads\\\/2026\\\/05\\\/logo.jpeg\",\"contentUrl\":\"https:\\\/\\\/lecadran-expo.be\\\/wp-content\\\/uploads\\\/2026\\\/05\\\/logo.jpeg\",\"width\":960,\"height\":960,\"caption\":\"Inventives\"},\"image\":{\"@id\":\"https:\\\/\\\/lecadran-expo.be\\\/#\\\/schema\\\/logo\\\/image\\\/\"},\"sameAs\":[\"https:\\\/\\\/www.facebook.com\\\/people\\\/Inventives\\\/61588084365745\\\/\",\"https:\\\/\\\/www.instagram.com\\\/inventives.be\\\/\"]}]}<\/script>\n<!-- \/ Yoast SEO plugin. -->","yoast_head_json":{"title":"Acc\u00e8s - lecadran-expo.be","robots":{"index":"index","follow":"follow","max-snippet":"max-snippet:-1","max-image-preview":"max-image-preview:large","max-video-preview":"max-video-preview:-1"},"canonical":"https:\/\/lecadran-expo.be\/en_gb\/acces\/","og_locale":"en_GB","og_type":"article","og_title":"Acc\u00e8s - lecadran-expo.be","og_description":"L\u2019exposition Hugo Pratt. G\u00e9ographies imaginaires se tient au Cadran, rue de Bruxelles 6 \u00e0 4000 Li\u00e8ge. Nous sommes situ\u00e9s \u00e0 100m de la Place Saint-Lambert, en plein coeur de la Cit\u00e9 ardente, \u00e0 75m du Palais des Princes-Ev\u00eaques. Cette exposition est accessible \u00e0 tous. Seul l&rsquo;espace de la Rotonde accueillant une vid\u00e9o immersive sur Hugo &hellip; Read more \"Acc\u00e8s\"","og_url":"https:\/\/lecadran-expo.be\/en_gb\/acces\/","og_site_name":"lecadran-expo.be","article_publisher":"https:\/\/www.facebook.com\/people\/Inventives\/61588084365745\/","article_modified_time":"2026-04-23T14:34:39+00:00","og_image":[{"width":1024,"height":209,"url":"https:\/\/lecadran-expo.be\/wp-content\/uploads\/2026\/04\/cropped-logo-association-des-hoteliers-de-liege-v2.png","type":"image\/png"}],"twitter_card":"summary_large_image","twitter_misc":{"Estimated reading time":"2 minutes"},"schema":{"@context":"https:\/\/schema.org","@graph":[{"@type":"WebPage","@id":"https:\/\/lecadran-expo.be\/acces\/","url":"https:\/\/lecadran-expo.be\/acces\/","name":"Acc\u00e8s - lecadran-expo.be","isPartOf":{"@id":"https:\/\/lecadran-expo.be\/#website"},"primaryImageOfPage":{"@id":"https:\/\/lecadran-expo.be\/acces\/#primaryimage"},"image":{"@id":"https:\/\/lecadran-expo.be\/acces\/#primaryimage"},"thumbnailUrl":"https:\/\/lecadran-expo.be\/wp-content\/uploads\/2026\/04\/cropped-logo-association-des-hoteliers-de-liege-v2.png","datePublished":"2026-03-23T11:36:06+00:00","dateModified":"2026-04-23T14:34:39+00:00","breadcrumb":{"@id":"https:\/\/lecadran-expo.be\/acces\/#breadcrumb"},"inLanguage":"en-GB","potentialAction":[{"@type":"ReadAction","target":["https:\/\/lecadran-expo.be\/acces\/"]}]},{"@type":"ImageObject","inLanguage":"en-GB","@id":"https:\/\/lecadran-expo.be\/acces\/#primaryimage","url":"https:\/\/lecadran-expo.be\/wp-content\/uploads\/2026\/04\/cropped-logo-association-des-hoteliers-de-liege-v2.png","contentUrl":"https:\/\/lecadran-expo.be\/wp-content\/uploads\/2026\/04\/cropped-logo-association-des-hoteliers-de-liege-v2.png"},{"@type":"BreadcrumbList","@id":"https:\/\/lecadran-expo.be\/acces\/#breadcrumb","itemListElement":[{"@type":"ListItem","position":1,"name":"Accueil","item":"https:\/\/lecadran-expo.be\/"},{"@type":"ListItem","position":2,"name":"Acc\u00e8s"}]},{"@type":"WebSite","@id":"https:\/\/lecadran-expo.be\/#website","url":"https:\/\/lecadran-expo.be\/","name":"lecadran-expo.be","description":"hugo pratt expo corto maltese le cadran li\u00e8ge belgique inventives entresort cong opera laboratori","publisher":{"@id":"https:\/\/lecadran-expo.be\/#organization"},"potentialAction":[{"@type":"SearchAction","target":{"@type":"EntryPoint","urlTemplate":"https:\/\/lecadran-expo.be\/?s={search_term_string}"},"query-input":{"@type":"PropertyValueSpecification","valueRequired":true,"valueName":"search_term_string"}}],"inLanguage":"en-GB"},{"@type":"Organization","@id":"https:\/\/lecadran-expo.be\/#organization","name":"Inventives","url":"https:\/\/lecadran-expo.be\/","logo":{"@type":"ImageObject","inLanguage":"en-GB","@id":"https:\/\/lecadran-expo.be\/#\/schema\/logo\/image\/","url":"https:\/\/lecadran-expo.be\/wp-content\/uploads\/2026\/05\/logo.jpeg","contentUrl":"https:\/\/lecadran-expo.be\/wp-content\/uploads\/2026\/05\/logo.jpeg","width":960,"height":960,"caption":"Inventives"},"image":{"@id":"https:\/\/lecadran-expo.be\/#\/schema\/logo\/image\/"},"sameAs":["https:\/\/www.facebook.com\/people\/Inventives\/61588084365745\/","https:\/\/www.instagram.com\/inventives.be\/"]}]}},"_links":{"self":[{"href":"https:\/\/lecadran-expo.be\/en_gb\/wp-json\/wp\/v2\/pages\/269","targetHints":{"allow":["GET"]}}],"collection":[{"href":"https:\/\/lecadran-expo.be\/en_gb\/wp-json\/wp\/v2\/pages"}],"about":[{"href":"https:\/\/lecadran-expo.be\/en_gb\/wp-json\/wp\/v2\/types\/page"}],"author":[{"embeddable":true,"href":"https:\/\/lecadran-expo.be\/en_gb\/wp-json\/wp\/v2\/users\/1"}],"replies":[{"embeddable":true,"href":"https:\/\/lecadran-expo.be\/en_gb\/wp-json\/wp\/v2\/comments?post=269"}],"version-history":[{"count":31,"href":"https:\/\/lecadran-expo.be\/en_gb\/wp-json\/wp\/v2\/pages\/269\/revisions"}],"predecessor-version":[{"id":811,"href":"https:\/\/lecadran-expo.be\/en_gb\/wp-json\/wp\/v2\/pages\/269\/revisions\/811"}],"wp:attachment":[{"href":"https:\/\/lecadran-expo.be\/en_gb\/wp-json\/wp\/v2\/media?parent=269"}],"curies":[{"name":"wp","href":"https:\/\/api.w.org\/{rel}","templated":true}]}}