{"id":315,"date":"2026-03-23T14:01:14","date_gmt":"2026-03-23T14:01:14","guid":{"rendered":"https:\/\/lecadran-expo.be\/?page_id=315"},"modified":"2026-04-02T15:03:34","modified_gmt":"2026-04-02T15:03:34","slug":"conferences","status":"publish","type":"page","link":"https:\/\/lecadran-expo.be\/en_gb\/conferences\/","title":{"rendered":"Talks"},"content":{"rendered":"<p class=\"translation-block\">As part of the exhibition, Inventives SRL presents a series of talks dedicated to Hugo Pratt. We would like to thank Erwin Dejasse, Joe Pinelli, Thierry Bellefroid, as well as Patrizia Zanotti for their upcoming participation in these talks.<\/p>\n\n\n\n<p>Access to a talk includes entry to the exhibition and a drink of your choice. The price per person is \u20ac25<\/p>\n\n\n\n<p>Here's the first talks presented<\/p>\n\n\n\n<div style=\"height:24px\" aria-hidden=\"true\" class=\"wp-block-spacer\"><\/div>\n\n\n\n<hr class=\"wp-block-separator has-alpha-channel-opacity\"\/>\n\n\n\n<div style=\"height:25px\" aria-hidden=\"true\" class=\"wp-block-spacer\"><\/div>\n\n\n\n<figure class=\"wp-block-image size-large is-resized\"><img loading=\"lazy\" decoding=\"async\" width=\"1024\" height=\"683\" src=\"https:\/\/lecadran-expo.be\/wp-content\/uploads\/2026\/04\/e-dejasse-1024x683.jpeg\" alt=\"\" class=\"wp-image-503\" style=\"aspect-ratio:1.4992686048229675;width:340px;height:auto\" srcset=\"https:\/\/lecadran-expo.be\/wp-content\/uploads\/2026\/04\/e-dejasse-1024x683.jpeg 1024w, https:\/\/lecadran-expo.be\/wp-content\/uploads\/2026\/04\/e-dejasse-300x200.jpeg 300w, https:\/\/lecadran-expo.be\/wp-content\/uploads\/2026\/04\/e-dejasse-18x12.jpeg 18w, https:\/\/lecadran-expo.be\/wp-content\/uploads\/2026\/04\/e-dejasse.jpeg 1701w\" sizes=\"auto, (max-width: 1024px) 100vw, 1024px\" \/><\/figure>\n\n\n\n<p class=\"has-medium-font-size\"><strong>Hugo Pratt et l\u2019Argentine<\/strong>, <em>by Erwin Dejasse<\/em> \u2013 26.04.23 at 8pm<\/p>\n\n\n\n<p>In 1950, Hugo Pratt left Italy and set sail for Argentina. He lived there for thirteen years, during which he established himself as one of the most influential figures in the local comic scene. Argentina also carries a powerful mythology that, in turn, would nourish his work.<\/p>\n\n\n\n<!-- Contenu Noscript pour un r\u00e9f\u00e9rencement suppl\u00e9mentaire -->\n<noscript><a href=\"https:\/\/hugopratt.eventbrite.be\" rel=\"noopener noreferrer\" target=\"_blank\">Acheter des billets sur Eventbrite<\/a><\/noscript>\n<!-- Vous pouvez personnaliser ce bouton selon vos souhaits -->\n<button id=\"hugo-pratt-et-largentine-conference-exposition-tickets-1986516996813\" type=\"button\">BOOK YOUR TICKET<\/button>\n\n<script src=\"https:\/\/www.eventbrite.com\/static\/widgets\/eb_widgets.js\"><\/script>\n\n<script type=\"text\/javascript\">\n    var exampleCallback = function() {\n        console.log('Commande termin\u00e9e !');\n    };\n\n    window.EBWidgets.createWidget({\n        widgetType: 'checkout',\n        eventId: '1986516996813',\n        modal: true,\n        modalTriggerElementId: 'hugo-pratt-et-largentine-conference-exposition-tickets-1986516996813',\n        onOrderComplete: exampleCallback\n    });\n<\/script>\n\n\n\n<div style=\"height:25px\" aria-hidden=\"true\" class=\"wp-block-spacer\"><\/div>\n\n\n\n<hr class=\"wp-block-separator has-alpha-channel-opacity\"\/>\n\n\n\n<div style=\"height:25px\" aria-hidden=\"true\" class=\"wp-block-spacer\"><\/div>\n\n\n\n<figure class=\"wp-block-image size-full is-resized\"><img loading=\"lazy\" decoding=\"async\" width=\"425\" height=\"425\" src=\"https:\/\/lecadran-expo.be\/wp-content\/uploads\/2026\/04\/erwin-dejasse.jpg\" alt=\"\" class=\"wp-image-511\" style=\"width:340px;height:auto\" srcset=\"https:\/\/lecadran-expo.be\/wp-content\/uploads\/2026\/04\/erwin-dejasse.jpg 425w, https:\/\/lecadran-expo.be\/wp-content\/uploads\/2026\/04\/erwin-dejasse-300x300.jpg 300w, https:\/\/lecadran-expo.be\/wp-content\/uploads\/2026\/04\/erwin-dejasse-150x150.jpg 150w, https:\/\/lecadran-expo.be\/wp-content\/uploads\/2026\/04\/erwin-dejasse-12x12.jpg 12w\" sizes=\"auto, (max-width: 425px) 100vw, 425px\" \/><\/figure>\n\n\n\n<p class=\"has-medium-font-size\"><strong>Hugo Pratt et Jos\u00e9 Mu\u00f1oz<\/strong>, <em>by Erwin Dejasse<\/em> \u2013 26.05.07 at 8pm<\/p>\n\n\n\n<p>\u201cHugo redirected me back to myself, at a time when I had lost sight of who I was. This encounter was strategic, magical.\u201d Jos\u00e9 Mu\u00f1oz and Hugo Pratt: two life paths that intersect; two major bodies of work whose reading is enriched through their dialogue.<\/p>\n\n\n\n<!-- Contenu Noscript pour un r\u00e9f\u00e9rencement suppl\u00e9mentaire -->\n<noscript><a href=\"https:\/\/hugopratt.eventbrite.be\" rel=\"noopener noreferrer\" target=\"_blank\">Acheter des billets sur Eventbrite<\/a><\/noscript>\n<!-- Vous pouvez personnaliser ce bouton selon vos souhaits -->\n<button id=\"hugo-pratt-et-jose-munoz-conference-exposition-tickets-1986517289689\" type=\"button\">BOOK YOUR TICKET<\/button>\n\n<script src=\"https:\/\/www.eventbrite.com\/static\/widgets\/eb_widgets.js\"><\/script>\n\n<script type=\"text\/javascript\">\n    var exampleCallback = function() {\n        console.log('Commande termin\u00e9e !');\n    };\n\n    window.EBWidgets.createWidget({\n        widgetType: 'checkout',\n        eventId: '1986517289689',\n        modal: true,\n        modalTriggerElementId: 'hugo-pratt-et-jose-munoz-conference-exposition-tickets-1986517289689',\n        onOrderComplete: exampleCallback\n    });\n<\/script>\n\n\n\n<div style=\"height:30px\" aria-hidden=\"true\" class=\"wp-block-spacer\"><\/div>\n\n\n\n<hr class=\"wp-block-separator has-alpha-channel-opacity\"\/>\n\n\n\n<div style=\"height:25px\" aria-hidden=\"true\" class=\"wp-block-spacer\"><\/div>\n\n\n\n<figure class=\"wp-block-image size-large is-resized\"><img loading=\"lazy\" decoding=\"async\" width=\"1024\" height=\"692\" src=\"https:\/\/lecadran-expo.be\/wp-content\/uploads\/2026\/04\/20260323_160851-copie-1024x692.jpg\" alt=\"\" class=\"wp-image-517\" style=\"width:342px;height:auto\" srcset=\"https:\/\/lecadran-expo.be\/wp-content\/uploads\/2026\/04\/20260323_160851-copie-1024x692.jpg 1024w, https:\/\/lecadran-expo.be\/wp-content\/uploads\/2026\/04\/20260323_160851-copie-300x203.jpg 300w, https:\/\/lecadran-expo.be\/wp-content\/uploads\/2026\/04\/20260323_160851-copie-2000x1352.jpg 2000w, https:\/\/lecadran-expo.be\/wp-content\/uploads\/2026\/04\/20260323_160851-copie-scaled-18x12.jpg 18w\" sizes=\"auto, (max-width: 1024px) 100vw, 1024px\" \/><\/figure>\n\n\n\n<p class=\"has-medium-font-size\"><strong>Hugo Pratt, litt\u00e9rature graphique plastique 1\/2<\/strong>, <em>by Joe G. Pinelli<\/em> \u2013 26.05.21 at 8pm<\/p>\n\n\n\n<p>The emergence of a graphic literary voice in the world of comics\u2014sources, influences, and journeys.<\/p>\n\n\n\n<!-- Contenu Noscript pour un r\u00e9f\u00e9rencement suppl\u00e9mentaire -->\n<noscript><a href=\"https:\/\/hugopratt.eventbrite.be\" rel=\"noopener noreferrer\" target=\"_blank\">Acheter des billets sur Eventbrite<\/a><\/noscript>\n<!-- Vous pouvez personnaliser ce bouton selon vos souhaits -->\n<button id=\"hugo-pratt-litterature-graphique-plastique-12-conference-exposition-tickets-1986520106113\" type=\"button\">BOOK YOUR TICKET<\/button>\n\n<script src=\"https:\/\/www.eventbrite.com\/static\/widgets\/eb_widgets.js\"><\/script>\n\n<script type=\"text\/javascript\">\n    var exampleCallback = function() {\n        console.log('Commande termin\u00e9e !');\n    };\n\n    window.EBWidgets.createWidget({\n        widgetType: 'checkout',\n        eventId: '1986520106113',\n        modal: true,\n        modalTriggerElementId: 'hugo-pratt-litterature-graphique-plastique-12-conference-exposition-tickets-1986520106113',\n        onOrderComplete: exampleCallback\n    });\n<\/script>\n\n\n\n<div style=\"height:25px\" aria-hidden=\"true\" class=\"wp-block-spacer\"><\/div>\n\n\n\n<hr class=\"wp-block-separator has-alpha-channel-opacity\"\/>\n\n\n\n<div style=\"height:28px\" aria-hidden=\"true\" class=\"wp-block-spacer\"><\/div>\n\n\n\n<figure class=\"wp-block-image size-large is-resized\"><img loading=\"lazy\" decoding=\"async\" width=\"768\" height=\"1024\" src=\"https:\/\/lecadran-expo.be\/wp-content\/uploads\/2026\/04\/IMG_6662-768x1024.jpeg\" alt=\"\" class=\"wp-image-505\" style=\"aspect-ratio:0.749999976833823;width:350px;height:auto\" srcset=\"https:\/\/lecadran-expo.be\/wp-content\/uploads\/2026\/04\/IMG_6662-768x1024.jpeg 768w, https:\/\/lecadran-expo.be\/wp-content\/uploads\/2026\/04\/IMG_6662-225x300.jpeg 225w, https:\/\/lecadran-expo.be\/wp-content\/uploads\/2026\/04\/IMG_6662-2000x2667.jpeg 2000w, https:\/\/lecadran-expo.be\/wp-content\/uploads\/2026\/04\/IMG_6662-scaled-9x12.jpeg 9w, https:\/\/lecadran-expo.be\/wp-content\/uploads\/2026\/04\/IMG_6662-scaled.jpeg 1920w\" sizes=\"auto, (max-width: 768px) 100vw, 768px\" \/><\/figure>\n\n\n\n<p class=\"has-medium-font-size\"><strong>Hugo Pratt, enfant du pays&nbsp;?, <\/strong><em>by Thierry Bellefroid <\/em>\u2013 26.06.03 at 8pm<\/p>\n\n\n\n<p>For a time, Hugo Pratt was often seen in the remote countryside of the Province of Li\u00e8ge Province. He was frequently accompanied by a bearded young man who never left his side. So one might say\u2014somewhat tongue-in-cheek\u2014that the father of Corto Maltese was almost a local child!\n\nHis friendship with Com\u00e8s led him to take an interest not only in the work of the author of Silence and La Belette, but more broadly in the Battle of the Ardennes. The two men, in a sense, found each other. Different\u2014one as taciturn as the other was exuberant\u2014they nevertheless shared many similarities and a common passion for music, black and white aesthetics, and suspended moments in time.<\/p>\n\n\n\n<!-- Contenu Noscript pour un r\u00e9f\u00e9rencement suppl\u00e9mentaire -->\n<noscript><a href=\"https:\/\/hugopratt.eventbrite.be\" rel=\"noopener noreferrer\" target=\"_blank\">Acheter des billets sur Eventbrite<\/a><\/noscript>\n<!-- Vous pouvez personnaliser ce bouton selon vos souhaits -->\n<button id=\"hugo-pratt-enfant-du-pays-conference-exposition-tickets-1986520246533\" type=\"button\">BOOK YOUR TICKET<\/button>\n\n<script src=\"https:\/\/www.eventbrite.com\/static\/widgets\/eb_widgets.js\"><\/script>\n\n<script type=\"text\/javascript\">\n    var exampleCallback = function() {\n        console.log('Commande termin\u00e9e !');\n    };\n\n    window.EBWidgets.createWidget({\n        widgetType: 'checkout',\n        eventId: '1986520246533',\n        modal: true,\n        modalTriggerElementId: 'hugo-pratt-enfant-du-pays-conference-exposition-tickets-1986520246533',\n        onOrderComplete: exampleCallback\n    });\n<\/script>\n\n\n\n<div style=\"height:25px\" aria-hidden=\"true\" class=\"wp-block-spacer\"><\/div>\n\n\n\n<hr class=\"wp-block-separator has-alpha-channel-opacity\"\/>\n\n\n\n<div style=\"height:25px\" aria-hidden=\"true\" class=\"wp-block-spacer\"><\/div>\n\n\n\n<figure class=\"wp-block-image size-large is-resized\"><img loading=\"lazy\" decoding=\"async\" width=\"1024\" height=\"692\" src=\"https:\/\/lecadran-expo.be\/wp-content\/uploads\/2026\/04\/20260323_160851-copie-1024x692.jpg\" alt=\"\" class=\"wp-image-517\" style=\"width:350px;height:auto\" srcset=\"https:\/\/lecadran-expo.be\/wp-content\/uploads\/2026\/04\/20260323_160851-copie-1024x692.jpg 1024w, https:\/\/lecadran-expo.be\/wp-content\/uploads\/2026\/04\/20260323_160851-copie-300x203.jpg 300w, https:\/\/lecadran-expo.be\/wp-content\/uploads\/2026\/04\/20260323_160851-copie-2000x1352.jpg 2000w, https:\/\/lecadran-expo.be\/wp-content\/uploads\/2026\/04\/20260323_160851-copie-scaled-18x12.jpg 18w\" sizes=\"auto, (max-width: 1024px) 100vw, 1024px\" \/><\/figure>\n\n\n\n<p class=\"has-medium-font-size\"><strong>Hugo Pratt, litt\u00e9rature graphique plastique 2\/2<\/strong>, <em>by Joe G. Pinelli<\/em> \u2013 26.06.11 at 8pm<\/p>\n\n\n\n<p>The emergence of a graphic literary voice in the world of comics\u2014sources, influences, and journeys.<\/p>\n\n\n\n<!-- Contenu Noscript pour un r\u00e9f\u00e9rencement suppl\u00e9mentaire -->\n<noscript><a href=\"https:\/\/hugopratt.eventbrite.be\" rel=\"noopener noreferrer\" target=\"_blank\">Acheter des billets sur Eventbrite<\/a><\/noscript>\n<!-- Vous pouvez personnaliser ce bouton selon vos souhaits -->\n<button id=\"hugo-pratt-litterature-graphique-plastique-22-conference-exposition-tickets-1986520190365\" type=\"button\">BOOK YOUR TICKET<\/button>\n\n<script src=\"https:\/\/www.eventbrite.com\/static\/widgets\/eb_widgets.js\"><\/script>\n\n<script type=\"text\/javascript\">\n    var exampleCallback = function() {\n        console.log('Commande termin\u00e9e !');\n    };\n\n    window.EBWidgets.createWidget({\n        widgetType: 'checkout',\n        eventId: '1986520190365',\n        modal: true,\n        modalTriggerElementId: 'hugo-pratt-litterature-graphique-plastique-22-conference-exposition-tickets-1986520190365',\n        onOrderComplete: exampleCallback\n    });\n<\/script>\n\n\n\n<div style=\"height:25px\" aria-hidden=\"true\" class=\"wp-block-spacer\"><\/div>\n\n\n\n<hr class=\"wp-block-separator has-alpha-channel-opacity\"\/>\n\n\n\n<div style=\"height:25px\" aria-hidden=\"true\" class=\"wp-block-spacer\"><\/div>\n\n\n\n<figure class=\"wp-block-image aligncenter size-large\"><img loading=\"lazy\" decoding=\"async\" width=\"1024\" height=\"623\" src=\"https:\/\/lecadran-expo.be\/wp-content\/uploads\/2026\/03\/04_CoverFortWheeling_1972-1024x623.jpg\" alt=\"\" class=\"wp-image-319\" srcset=\"https:\/\/lecadran-expo.be\/wp-content\/uploads\/2026\/03\/04_CoverFortWheeling_1972-1024x623.jpg 1024w, https:\/\/lecadran-expo.be\/wp-content\/uploads\/2026\/03\/04_CoverFortWheeling_1972-300x183.jpg 300w, https:\/\/lecadran-expo.be\/wp-content\/uploads\/2026\/03\/04_CoverFortWheeling_1972-18x12.jpg 18w, https:\/\/lecadran-expo.be\/wp-content\/uploads\/2026\/03\/04_CoverFortWheeling_1972.jpg 1920w\" sizes=\"auto, (max-width: 1024px) 100vw, 1024px\" \/><\/figure>\n\n\n\n<p><\/p>","protected":false},"excerpt":{"rendered":"<p>Dans le cadre de l&rsquo;exposition, Inventives SRL pr\u00e9sente un cycle de conf\u00e9rences autour de Hugo Pratt. Nous remercions d\u00e9j\u00e0 Erwin Dejasse, Joe Pinelli, Thierry Bellefroid ou encore Patrizia Zanotti pour leurs participations futures \u00e0 ces conf\u00e9rences. L&rsquo;acc\u00e8s \u00e0 une conf\u00e9rence est doubl\u00e9e d&rsquo;un acc\u00e8s \u00e0 l&rsquo;exposition et \u00e0 une boisson de votre choix. Le tarif &hellip; <\/p>\n<p class=\"link-more\"><a href=\"https:\/\/lecadran-expo.be\/en_gb\/conferences\/\" class=\"more-link\">Read more<span class=\"screen-reader-text\"> \u00ab\u00a0Conf\u00e9rences\u00a0\u00bb<\/span><\/a><\/p>","protected":false},"author":1,"featured_media":0,"parent":0,"menu_order":0,"comment_status":"closed","ping_status":"closed","template":"","meta":{"inspiro_hide_title":false,"footnotes":""},"class_list":["post-315","page","type-page","status-publish","hentry"],"yoast_head":"<!-- This site is optimized with the Yoast SEO plugin v27.6 - https:\/\/yoast.com\/product\/yoast-seo-wordpress\/ -->\n<title>Conf\u00e9rences - lecadran-expo.be<\/title>\n<meta name=\"robots\" content=\"index, follow, max-snippet:-1, max-image-preview:large, max-video-preview:-1\" \/>\n<link rel=\"canonical\" href=\"https:\/\/lecadran-expo.be\/en_gb\/conferences\/\" \/>\n<meta property=\"og:locale\" content=\"en_GB\" \/>\n<meta property=\"og:type\" content=\"article\" \/>\n<meta property=\"og:title\" content=\"Conf\u00e9rences - lecadran-expo.be\" \/>\n<meta property=\"og:description\" content=\"Dans le cadre de l&rsquo;exposition, Inventives SRL pr\u00e9sente un cycle de conf\u00e9rences autour de Hugo Pratt. Nous remercions d\u00e9j\u00e0 Erwin Dejasse, Joe Pinelli, Thierry Bellefroid ou encore Patrizia Zanotti pour leurs participations futures \u00e0 ces conf\u00e9rences. L&rsquo;acc\u00e8s \u00e0 une conf\u00e9rence est doubl\u00e9e d&rsquo;un acc\u00e8s \u00e0 l&rsquo;exposition et \u00e0 une boisson de votre choix. Le tarif &hellip; Read more &quot;Conf\u00e9rences&quot;\" \/>\n<meta property=\"og:url\" content=\"https:\/\/lecadran-expo.be\/en_gb\/conferences\/\" \/>\n<meta property=\"og:site_name\" content=\"lecadran-expo.be\" \/>\n<meta property=\"article:publisher\" content=\"https:\/\/www.facebook.com\/people\/Inventives\/61588084365745\/\" \/>\n<meta property=\"article:modified_time\" content=\"2026-04-02T15:03:34+00:00\" \/>\n<meta property=\"og:image\" content=\"https:\/\/lecadran-expo.be\/wp-content\/uploads\/2026\/04\/e-dejasse.jpeg\" \/>\n\t<meta property=\"og:image:width\" content=\"1701\" \/>\n\t<meta property=\"og:image:height\" content=\"1134\" \/>\n\t<meta property=\"og:image:type\" content=\"image\/jpeg\" \/>\n<meta name=\"twitter:card\" content=\"summary_large_image\" \/>\n<meta name=\"twitter:label1\" content=\"Estimated reading time\" \/>\n\t<meta name=\"twitter:data1\" content=\"2 minutes\" \/>\n<script type=\"application\/ld+json\" class=\"yoast-schema-graph\">{\"@context\":\"https:\\\/\\\/schema.org\",\"@graph\":[{\"@type\":\"WebPage\",\"@id\":\"https:\\\/\\\/lecadran-expo.be\\\/conferences\\\/\",\"url\":\"https:\\\/\\\/lecadran-expo.be\\\/conferences\\\/\",\"name\":\"Conf\u00e9rences - lecadran-expo.be\",\"isPartOf\":{\"@id\":\"https:\\\/\\\/lecadran-expo.be\\\/#website\"},\"primaryImageOfPage\":{\"@id\":\"https:\\\/\\\/lecadran-expo.be\\\/conferences\\\/#primaryimage\"},\"image\":{\"@id\":\"https:\\\/\\\/lecadran-expo.be\\\/conferences\\\/#primaryimage\"},\"thumbnailUrl\":\"https:\\\/\\\/lecadran-expo.be\\\/wp-content\\\/uploads\\\/2026\\\/04\\\/e-dejasse-1024x683.jpeg\",\"datePublished\":\"2026-03-23T14:01:14+00:00\",\"dateModified\":\"2026-04-02T15:03:34+00:00\",\"breadcrumb\":{\"@id\":\"https:\\\/\\\/lecadran-expo.be\\\/conferences\\\/#breadcrumb\"},\"inLanguage\":\"en-GB\",\"potentialAction\":[{\"@type\":\"ReadAction\",\"target\":[\"https:\\\/\\\/lecadran-expo.be\\\/conferences\\\/\"]}]},{\"@type\":\"ImageObject\",\"inLanguage\":\"en-GB\",\"@id\":\"https:\\\/\\\/lecadran-expo.be\\\/conferences\\\/#primaryimage\",\"url\":\"https:\\\/\\\/lecadran-expo.be\\\/wp-content\\\/uploads\\\/2026\\\/04\\\/e-dejasse-1024x683.jpeg\",\"contentUrl\":\"https:\\\/\\\/lecadran-expo.be\\\/wp-content\\\/uploads\\\/2026\\\/04\\\/e-dejasse-1024x683.jpeg\"},{\"@type\":\"BreadcrumbList\",\"@id\":\"https:\\\/\\\/lecadran-expo.be\\\/conferences\\\/#breadcrumb\",\"itemListElement\":[{\"@type\":\"ListItem\",\"position\":1,\"name\":\"Accueil\",\"item\":\"https:\\\/\\\/lecadran-expo.be\\\/\"},{\"@type\":\"ListItem\",\"position\":2,\"name\":\"Conf\u00e9rences\"}]},{\"@type\":\"WebSite\",\"@id\":\"https:\\\/\\\/lecadran-expo.be\\\/#website\",\"url\":\"https:\\\/\\\/lecadran-expo.be\\\/\",\"name\":\"lecadran-expo.be\",\"description\":\"hugo pratt expo corto maltese le cadran li\u00e8ge belgique inventives entresort cong opera laboratori\",\"publisher\":{\"@id\":\"https:\\\/\\\/lecadran-expo.be\\\/#organization\"},\"potentialAction\":[{\"@type\":\"SearchAction\",\"target\":{\"@type\":\"EntryPoint\",\"urlTemplate\":\"https:\\\/\\\/lecadran-expo.be\\\/?s={search_term_string}\"},\"query-input\":{\"@type\":\"PropertyValueSpecification\",\"valueRequired\":true,\"valueName\":\"search_term_string\"}}],\"inLanguage\":\"en-GB\"},{\"@type\":\"Organization\",\"@id\":\"https:\\\/\\\/lecadran-expo.be\\\/#organization\",\"name\":\"Inventives\",\"url\":\"https:\\\/\\\/lecadran-expo.be\\\/\",\"logo\":{\"@type\":\"ImageObject\",\"inLanguage\":\"en-GB\",\"@id\":\"https:\\\/\\\/lecadran-expo.be\\\/#\\\/schema\\\/logo\\\/image\\\/\",\"url\":\"https:\\\/\\\/lecadran-expo.be\\\/wp-content\\\/uploads\\\/2026\\\/05\\\/logo.jpeg\",\"contentUrl\":\"https:\\\/\\\/lecadran-expo.be\\\/wp-content\\\/uploads\\\/2026\\\/05\\\/logo.jpeg\",\"width\":960,\"height\":960,\"caption\":\"Inventives\"},\"image\":{\"@id\":\"https:\\\/\\\/lecadran-expo.be\\\/#\\\/schema\\\/logo\\\/image\\\/\"},\"sameAs\":[\"https:\\\/\\\/www.facebook.com\\\/people\\\/Inventives\\\/61588084365745\\\/\",\"https:\\\/\\\/www.instagram.com\\\/inventives.be\\\/\"]}]}<\/script>\n<!-- \/ Yoast SEO plugin. -->","yoast_head_json":{"title":"Conf\u00e9rences - lecadran-expo.be","robots":{"index":"index","follow":"follow","max-snippet":"max-snippet:-1","max-image-preview":"max-image-preview:large","max-video-preview":"max-video-preview:-1"},"canonical":"https:\/\/lecadran-expo.be\/en_gb\/conferences\/","og_locale":"en_GB","og_type":"article","og_title":"Conf\u00e9rences - lecadran-expo.be","og_description":"Dans le cadre de l&rsquo;exposition, Inventives SRL pr\u00e9sente un cycle de conf\u00e9rences autour de Hugo Pratt. Nous remercions d\u00e9j\u00e0 Erwin Dejasse, Joe Pinelli, Thierry Bellefroid ou encore Patrizia Zanotti pour leurs participations futures \u00e0 ces conf\u00e9rences. L&rsquo;acc\u00e8s \u00e0 une conf\u00e9rence est doubl\u00e9e d&rsquo;un acc\u00e8s \u00e0 l&rsquo;exposition et \u00e0 une boisson de votre choix. Le tarif &hellip; Read more \"Conf\u00e9rences\"","og_url":"https:\/\/lecadran-expo.be\/en_gb\/conferences\/","og_site_name":"lecadran-expo.be","article_publisher":"https:\/\/www.facebook.com\/people\/Inventives\/61588084365745\/","article_modified_time":"2026-04-02T15:03:34+00:00","og_image":[{"width":1701,"height":1134,"url":"https:\/\/lecadran-expo.be\/wp-content\/uploads\/2026\/04\/e-dejasse.jpeg","type":"image\/jpeg"}],"twitter_card":"summary_large_image","twitter_misc":{"Estimated reading time":"2 minutes"},"schema":{"@context":"https:\/\/schema.org","@graph":[{"@type":"WebPage","@id":"https:\/\/lecadran-expo.be\/conferences\/","url":"https:\/\/lecadran-expo.be\/conferences\/","name":"Conf\u00e9rences - lecadran-expo.be","isPartOf":{"@id":"https:\/\/lecadran-expo.be\/#website"},"primaryImageOfPage":{"@id":"https:\/\/lecadran-expo.be\/conferences\/#primaryimage"},"image":{"@id":"https:\/\/lecadran-expo.be\/conferences\/#primaryimage"},"thumbnailUrl":"https:\/\/lecadran-expo.be\/wp-content\/uploads\/2026\/04\/e-dejasse-1024x683.jpeg","datePublished":"2026-03-23T14:01:14+00:00","dateModified":"2026-04-02T15:03:34+00:00","breadcrumb":{"@id":"https:\/\/lecadran-expo.be\/conferences\/#breadcrumb"},"inLanguage":"en-GB","potentialAction":[{"@type":"ReadAction","target":["https:\/\/lecadran-expo.be\/conferences\/"]}]},{"@type":"ImageObject","inLanguage":"en-GB","@id":"https:\/\/lecadran-expo.be\/conferences\/#primaryimage","url":"https:\/\/lecadran-expo.be\/wp-content\/uploads\/2026\/04\/e-dejasse-1024x683.jpeg","contentUrl":"https:\/\/lecadran-expo.be\/wp-content\/uploads\/2026\/04\/e-dejasse-1024x683.jpeg"},{"@type":"BreadcrumbList","@id":"https:\/\/lecadran-expo.be\/conferences\/#breadcrumb","itemListElement":[{"@type":"ListItem","position":1,"name":"Accueil","item":"https:\/\/lecadran-expo.be\/"},{"@type":"ListItem","position":2,"name":"Conf\u00e9rences"}]},{"@type":"WebSite","@id":"https:\/\/lecadran-expo.be\/#website","url":"https:\/\/lecadran-expo.be\/","name":"lecadran-expo.be","description":"hugo pratt expo corto maltese le cadran li\u00e8ge belgique inventives entresort cong opera laboratori","publisher":{"@id":"https:\/\/lecadran-expo.be\/#organization"},"potentialAction":[{"@type":"SearchAction","target":{"@type":"EntryPoint","urlTemplate":"https:\/\/lecadran-expo.be\/?s={search_term_string}"},"query-input":{"@type":"PropertyValueSpecification","valueRequired":true,"valueName":"search_term_string"}}],"inLanguage":"en-GB"},{"@type":"Organization","@id":"https:\/\/lecadran-expo.be\/#organization","name":"Inventives","url":"https:\/\/lecadran-expo.be\/","logo":{"@type":"ImageObject","inLanguage":"en-GB","@id":"https:\/\/lecadran-expo.be\/#\/schema\/logo\/image\/","url":"https:\/\/lecadran-expo.be\/wp-content\/uploads\/2026\/05\/logo.jpeg","contentUrl":"https:\/\/lecadran-expo.be\/wp-content\/uploads\/2026\/05\/logo.jpeg","width":960,"height":960,"caption":"Inventives"},"image":{"@id":"https:\/\/lecadran-expo.be\/#\/schema\/logo\/image\/"},"sameAs":["https:\/\/www.facebook.com\/people\/Inventives\/61588084365745\/","https:\/\/www.instagram.com\/inventives.be\/"]}]}},"_links":{"self":[{"href":"https:\/\/lecadran-expo.be\/en_gb\/wp-json\/wp\/v2\/pages\/315","targetHints":{"allow":["GET"]}}],"collection":[{"href":"https:\/\/lecadran-expo.be\/en_gb\/wp-json\/wp\/v2\/pages"}],"about":[{"href":"https:\/\/lecadran-expo.be\/en_gb\/wp-json\/wp\/v2\/types\/page"}],"author":[{"embeddable":true,"href":"https:\/\/lecadran-expo.be\/en_gb\/wp-json\/wp\/v2\/users\/1"}],"replies":[{"embeddable":true,"href":"https:\/\/lecadran-expo.be\/en_gb\/wp-json\/wp\/v2\/comments?post=315"}],"version-history":[{"count":30,"href":"https:\/\/lecadran-expo.be\/en_gb\/wp-json\/wp\/v2\/pages\/315\/revisions"}],"predecessor-version":[{"id":518,"href":"https:\/\/lecadran-expo.be\/en_gb\/wp-json\/wp\/v2\/pages\/315\/revisions\/518"}],"wp:attachment":[{"href":"https:\/\/lecadran-expo.be\/en_gb\/wp-json\/wp\/v2\/media?parent=315"}],"curies":[{"name":"wp","href":"https:\/\/api.w.org\/{rel}","templated":true}]}}