{"id":737,"date":"2026-04-22T20:31:07","date_gmt":"2026-04-22T20:31:07","guid":{"rendered":"https:\/\/lecadran-expo.be\/?page_id=737"},"modified":"2026-05-14T15:37:47","modified_gmt":"2026-05-14T15:37:47","slug":"corto-maltese-et-le-message-perdu-de-cleopatre","status":"publish","type":"page","link":"https:\/\/lecadran-expo.be\/en_gb\/corto-maltese-et-le-message-perdu-de-cleopatre\/","title":{"rendered":"Corto Maltese and the Lost Message of Cleopatra"},"content":{"rendered":"<figure class=\"wp-block-image aligncenter size-large is-resized\"><img loading=\"lazy\" decoding=\"async\" width=\"683\" height=\"1024\" src=\"https:\/\/lecadran-expo.be\/wp-content\/uploads\/2026\/04\/affiche-chasse-683x1024.jpg\" alt=\"\" class=\"wp-image-740\" style=\"width:1250px\" srcset=\"https:\/\/lecadran-expo.be\/wp-content\/uploads\/2026\/04\/affiche-chasse-683x1024.jpg 683w, https:\/\/lecadran-expo.be\/wp-content\/uploads\/2026\/04\/affiche-chasse-200x300.jpg 200w, https:\/\/lecadran-expo.be\/wp-content\/uploads\/2026\/04\/affiche-chasse-scaled-8x12.jpg 8w, https:\/\/lecadran-expo.be\/wp-content\/uploads\/2026\/04\/affiche-chasse-scaled.jpg 1707w\" sizes=\"auto, (max-width: 683px) 100vw, 683px\" \/><\/figure>\n\n\n\n<div style=\"height:20px\" aria-hidden=\"true\" class=\"wp-block-spacer\"><\/div>\n\n\n\n<p>Vous cherchez une&nbsp;<strong>activit\u00e9 originale \u00e0 Li\u00e8ge<\/strong>, \u00e0 vivre en famille, entre amis ou lors d\u2019un city trip en Wallonie ?<\/p>\n\n\n\n<p>D\u00e9couvrez une&nbsp;<strong>chasse au tr\u00e9sor culturelle in\u00e9dite<\/strong>, qui relie deux grandes expositions :<\/p>\n\n\n\n<ul class=\"wp-block-list\">\n<li><em>Hugo Pratt \u2013 G\u00e9ographies imaginaires<\/em><\/li>\n\n\n\n<li><em>Cl\u00e9op\u00e2tre Superstar<\/em><\/li>\n<\/ul>\n\n\n\n<p>Suivez les traces de&nbsp;Corto Maltese&nbsp;et les routes de&nbsp;Cl\u00e9op\u00e2tre&nbsp;\u00e0 travers un jeu immersif m\u00ealant&nbsp;<strong>histoire, bande dessin\u00e9e et exploration urbaine \u00e0 Li\u00e8ge<\/strong>.<\/p>\n\n\n\n<h2 class=\"wp-block-heading\">\ud83d\udd0e Une chasse au tr\u00e9sor culturelle unique en Belgique<\/h2>\n\n\n\n<p>Cette exp\u00e9rience propose bien plus qu\u2019une simple visite d\u2019expositions.<\/p>\n\n\n\n<p>Elle vous plonge dans une v\u00e9ritable&nbsp;<strong>enqu\u00eate \u00e0 travers le temps<\/strong>, bas\u00e9e sur une id\u00e9e forte :<br>celle d\u2019un ancien&nbsp;<strong>r\u00e9seau de routes, d\u2019\u00e9changes et de messages<\/strong>&nbsp;reliant l\u2019\u00c9gypte antique aux grandes routes du monde.<\/p>\n\n\n\n<p>Au c\u0153ur de ce r\u00e9seau :<\/p>\n\n\n\n<ul class=\"wp-block-list\">\n<li>Alexandrie, centre du pouvoir de Cl\u00e9op\u00e2tre<\/li>\n\n\n\n<li>et les voyages de Corto Maltese, qui semblent suivre ces m\u00eames lignes invisibles<\/li>\n<\/ul>\n\n\n\n<div style=\"height:20px\" aria-hidden=\"true\" class=\"wp-block-spacer\"><\/div>\n\n\n\n<figure class=\"wp-block-image aligncenter size-large is-resized\"><img loading=\"lazy\" decoding=\"async\" width=\"1024\" height=\"338\" src=\"https:\/\/lecadran-expo.be\/wp-content\/uploads\/2026\/04\/carte-jeu-1bis-1-1024x338.png\" alt=\"\" class=\"wp-image-753\" style=\"width:1250px\" srcset=\"https:\/\/lecadran-expo.be\/wp-content\/uploads\/2026\/04\/carte-jeu-1bis-1-1024x338.png 1024w, https:\/\/lecadran-expo.be\/wp-content\/uploads\/2026\/04\/carte-jeu-1bis-1-300x99.png 300w, https:\/\/lecadran-expo.be\/wp-content\/uploads\/2026\/04\/carte-jeu-1bis-1-18x6.png 18w, https:\/\/lecadran-expo.be\/wp-content\/uploads\/2026\/04\/carte-jeu-1bis-1.png 1920w\" sizes=\"auto, (max-width: 1024px) 100vw, 1024px\" \/><\/figure>\n\n\n\n<h2 class=\"wp-block-heading\">\ud83e\udde9 Comment fonctionne la chasse au tr\u00e9sor ?<\/h2>\n\n\n\n<p>La chasse au tr\u00e9sor se d\u00e9roule en plusieurs \u00e9tapes simples et accessibles \u00e0 tous.<\/p>\n\n\n\n<h3 class=\"wp-block-heading\">1. R\u00e9cup\u00e9rez votre carte de jeu<\/h3>\n\n\n\n<p>La carte est votre support de jeu o\u00f9 noter les r\u00e9ponses aux \u00e9nigmes.<\/p>\n\n\n\n<p>Elle est disponible gratuitement :<\/p>\n\n\n\n<ul class=\"wp-block-list\">\n<li>\u00e0 l\u2019accueil des deux expositions<\/li>\n\n\n\n<li>\u00e0 l\u2019Office du Tourisme de la Ville de Li\u00e8ge<\/li>\n\n\n\n<li>en t\u00e9l\u00e9chargement sur les sites officiels des expositions<\/li>\n<\/ul>\n\n\n\n<h3 class=\"wp-block-heading\">2. Explorez les deux expositions \u00e0 Li\u00e8ge<\/h3>\n\n\n\n<p>Dans l\u2019exposition&nbsp;<em>Hugo Pratt \u2013 G\u00e9ographies imaginaires<\/em>&nbsp;:<\/p>\n\n\n\n<ul class=\"wp-block-list\">\n<li>vous apprenez \u00e0 lire la carte de Corto Maltese<\/li>\n\n\n\n<li>vous observez les lieux et rep\u00e9rez les indices<\/li>\n<\/ul>\n\n\n\n<p>Dans l\u2019exposition&nbsp;<em>Cl\u00e9op\u00e2tre Superstar<\/em>&nbsp;:<\/p>\n\n\n\n<ul class=\"wp-block-list\">\n<li>vous d\u00e9couvrez l\u2019histoire de Cl\u00e9op\u00e2tre<\/li>\n\n\n\n<li>vous comprenez le r\u00f4le d\u2019Alexandrie, du Nil et des alliances politiques<\/li>\n\n\n\n<li>vous compl\u00e9tez votre enqu\u00eate avec de nouveaux indices<\/li>\n<\/ul>\n\n\n\n<h3 class=\"wp-block-heading\">3. R\u00e9solvez les \u00e9nigmes<\/h3>\n\n\n\n<p>Tout au long de votre parcours :<\/p>\n\n\n\n<ul class=\"wp-block-list\">\n<li>observez les indices<\/li>\n\n\n\n<li>identifiez les questions<\/li>\n\n\n\n<li>recherchez les r\u00e9ponses, notez-les sur la carte <\/li>\n<\/ul>\n\n\n\n<h3 class=\"wp-block-heading\">4. Remplissez le formulaire en ligne<\/h3>\n\n\n\n<p>Une fois tous les r\u00e9ponses trouv\u00e9es :<br>\ud83d\udc49&nbsp;<strong>remplissez le formulaire en ligne<\/strong>&nbsp;pour participer officiellement au jeu\u2026 <\/p>\n\n\n\n<div style=\"height:20px\" aria-hidden=\"true\" class=\"wp-block-spacer\"><\/div>\n\n\n\n<figure class=\"wp-block-image aligncenter size-large is-resized\"><img loading=\"lazy\" decoding=\"async\" width=\"1024\" height=\"356\" src=\"https:\/\/lecadran-expo.be\/wp-content\/uploads\/2026\/04\/carte-jeu-2bis-1024x356.png\" alt=\"\" class=\"wp-image-754\" style=\"width:1250px\" srcset=\"https:\/\/lecadran-expo.be\/wp-content\/uploads\/2026\/04\/carte-jeu-2bis-1024x356.png 1024w, https:\/\/lecadran-expo.be\/wp-content\/uploads\/2026\/04\/carte-jeu-2bis-300x104.png 300w, https:\/\/lecadran-expo.be\/wp-content\/uploads\/2026\/04\/carte-jeu-2bis-18x6.png 18w, https:\/\/lecadran-expo.be\/wp-content\/uploads\/2026\/04\/carte-jeu-2bis.png 1920w\" sizes=\"auto, (max-width: 1024px) 100vw, 1024px\" \/><\/figure>\n\n\n\n<h2 class=\"wp-block-heading\">\ud83c\udf81 Jeux concours et lots \u00e0 gagner<\/h2>\n\n\n\n<p>En participant \u00e0 cette chasse au tr\u00e9sor \u00e0 Li\u00e8ge, vous pourrez tenter de remporter :<\/p>\n\n\n\n<p>\ud83e\udd47 Des lots offerts par MediaMarkt<br>\ud83e\udd48 La collection compl\u00e8te des 12 albums de Corto Maltese en couleurs<\/p>\n\n\n\n<p>Il est important de conserver votre support de jeu avec la validation de votre passage par les deux expos pour pouvoir retirer vos gains\u2026 Gardez-le pr\u00e9cieusement!<\/p>\n\n\n\n<h2 class=\"wp-block-heading\">\ud83d\udc68\u200d\ud83d\udc69\u200d\ud83d\udc67\u200d\ud83d\udc66 Une activit\u00e9 id\u00e9ale \u00e0 Li\u00e8ge<\/h2>\n\n\n\n<p>Cette chasse au tr\u00e9sor est con\u00e7ue pour \u00eatre :<\/p>\n\n\n\n<ul class=\"wp-block-list\">\n<li>accessible \u00e0 tous<\/li>\n\n\n\n<li>ludique et p\u00e9dagogique<\/li>\n\n\n\n<li>id\u00e9ale pour une sortie en famille<\/li>\n\n\n\n<li>parfaite pour les amateurs de bande dessin\u00e9e et d\u2019histoire<\/li>\n\n\n\n<li>adapt\u00e9e aux touristes en s\u00e9jour \u00e0 Li\u00e8ge<\/li>\n<\/ul>\n\n\n\n<p>Elle s\u2019inscrit pleinement dans une d\u00e9marche de&nbsp;<strong>tourisme culturel en Wallonie<\/strong>, en lien avec les dynamiques de Visit Li\u00e8ge et Visit Wallonia.<\/p>\n\n\n\n<h2 class=\"wp-block-heading\">\ud83d\udccd Informations pratiques<\/h2>\n\n\n\n<p>\ud83d\udccc Lieux : Li\u00e8ge (expositions + centre-ville)<br>\ud83d\udcc5 P\u00e9riode : jusqu\u2019au 12 juin 2026<br>\ud83d\udcb6 Participation : gratuite (hors entr\u00e9e aux expositions)<\/p>\n\n\n\n<h2 class=\"wp-block-heading\">\ud83d\udc49 Pr\u00eat(e) \u00e0 vivre une aventure unique \u00e0 Li\u00e8ge ?<\/h2>\n\n\n\n<p>T\u00e9l\u00e9chargez votre carte, explorez les expositions, parcourez la ville\u2026<\/p>\n\n\n\n<p>Et entrez dans un monde o\u00f9 les routes relient les \u00e9poques, les cultures et les imaginaires.<\/p>\n\n\n\n<div style=\"height:20px\" aria-hidden=\"true\" class=\"wp-block-spacer\"><\/div>\n\n\n\n<hr class=\"wp-block-separator has-alpha-channel-opacity\"\/>\n\n\n\n<p><strong>T\u00e9l\u00e9chargements<\/strong> <\/p>\n\n\n\n<p>Vous pouvez t\u00e9l\u00e9charger la carte recto-verso gratuitement en cliquant sur ce lien : <a href=\"https:\/\/lecadran-expo.be\/wp-content\/uploads\/2026\/04\/corto-maltese-cleopatre.pdf\" data-type=\"link\" data-id=\"https:\/\/lecadran-expo.be\/wp-content\/uploads\/2026\/04\/corto-maltese-cleopatre.pdf\" target=\"_blank\" rel=\"noreferrer noopener\"><strong>Corto Maltese and the Lost Message of Cleopatra<\/strong>.<\/a>  <\/p>\n\n\n\n<p>Voici le lien vers le formulaire du concours \u00e0 remplir : <a href=\"https:\/\/forms.gle\/XGfSHP3vJ2ygVeED6\" data-type=\"link\" data-id=\"https:\/\/forms.gle\/XGfSHP3vJ2ygVeED6\" target=\"_blank\" rel=\"noreferrer noopener\"><strong>Ici<\/strong><\/a>.<\/p>\n\n\n\n<p>Vous pouvez consulter et\/ou t\u00e9l\u00e9charger le r\u00e8glement du jeu en cliquant sur ce lien : <strong><a href=\"https:\/\/lecadran-expo.be\/wp-content\/uploads\/2026\/05\/reglement-du-jeu.pdf\">Ici<\/a><\/strong>.<\/p>\n\n\n\n<p><\/p>","protected":false},"excerpt":{"rendered":"<p>Vous cherchez une&nbsp;activit\u00e9 originale \u00e0 Li\u00e8ge, \u00e0 vivre en famille, entre amis ou lors d\u2019un city trip en Wallonie ? D\u00e9couvrez une&nbsp;chasse au tr\u00e9sor culturelle in\u00e9dite, qui relie deux grandes expositions : Suivez les traces de&nbsp;Corto Maltese&nbsp;et les routes de&nbsp;Cl\u00e9op\u00e2tre&nbsp;\u00e0 travers un jeu immersif m\u00ealant&nbsp;histoire, bande dessin\u00e9e et exploration urbaine \u00e0 Li\u00e8ge. \ud83d\udd0e Une chasse &hellip; <\/p>\n<p class=\"link-more\"><a href=\"https:\/\/lecadran-expo.be\/en_gb\/corto-maltese-et-le-message-perdu-de-cleopatre\/\" class=\"more-link\">Read more<span class=\"screen-reader-text\"> \u00ab\u00a0Corto Maltese et le message perdu de Cl\u00e9op\u00e2tre\u00a0\u00bb<\/span><\/a><\/p>","protected":false},"author":1,"featured_media":0,"parent":0,"menu_order":0,"comment_status":"closed","ping_status":"closed","template":"","meta":{"inspiro_hide_title":false,"footnotes":""},"class_list":["post-737","page","type-page","status-publish","hentry"],"yoast_head":"<!-- This site is optimized with the Yoast SEO plugin v27.6 - https:\/\/yoast.com\/product\/yoast-seo-wordpress\/ -->\n<title>Corto Maltese et le message perdu de Cl\u00e9op\u00e2tre - lecadran-expo.be<\/title>\n<meta name=\"robots\" content=\"index, follow, max-snippet:-1, max-image-preview:large, max-video-preview:-1\" \/>\n<link rel=\"canonical\" href=\"https:\/\/lecadran-expo.be\/en_gb\/corto-maltese-et-le-message-perdu-de-cleopatre\/\" \/>\n<meta property=\"og:locale\" content=\"en_GB\" \/>\n<meta property=\"og:type\" content=\"article\" \/>\n<meta property=\"og:title\" content=\"Corto Maltese et le message perdu de Cl\u00e9op\u00e2tre - lecadran-expo.be\" \/>\n<meta property=\"og:description\" content=\"Vous cherchez une&nbsp;activit\u00e9 originale \u00e0 Li\u00e8ge, \u00e0 vivre en famille, entre amis ou lors d\u2019un city trip en Wallonie ? D\u00e9couvrez une&nbsp;chasse au tr\u00e9sor culturelle in\u00e9dite, qui relie deux grandes expositions : Suivez les traces de&nbsp;Corto Maltese&nbsp;et les routes de&nbsp;Cl\u00e9op\u00e2tre&nbsp;\u00e0 travers un jeu immersif m\u00ealant&nbsp;histoire, bande dessin\u00e9e et exploration urbaine \u00e0 Li\u00e8ge. \ud83d\udd0e Une chasse &hellip; Read more &quot;Corto Maltese et le message perdu de Cl\u00e9op\u00e2tre&quot;\" \/>\n<meta property=\"og:url\" content=\"https:\/\/lecadran-expo.be\/en_gb\/corto-maltese-et-le-message-perdu-de-cleopatre\/\" \/>\n<meta property=\"og:site_name\" content=\"lecadran-expo.be\" \/>\n<meta property=\"article:publisher\" content=\"https:\/\/www.facebook.com\/people\/Inventives\/61588084365745\/\" \/>\n<meta property=\"article:modified_time\" content=\"2026-05-14T15:37:47+00:00\" \/>\n<meta property=\"og:image\" content=\"https:\/\/lecadran-expo.be\/wp-content\/uploads\/2026\/04\/affiche-chasse-scaled.jpg\" \/>\n\t<meta property=\"og:image:width\" content=\"1707\" \/>\n\t<meta property=\"og:image:height\" content=\"2560\" \/>\n\t<meta property=\"og:image:type\" content=\"image\/jpeg\" \/>\n<meta name=\"twitter:card\" content=\"summary_large_image\" \/>\n<meta name=\"twitter:label1\" content=\"Estimated reading time\" \/>\n\t<meta name=\"twitter:data1\" content=\"3 minutes\" \/>\n<script type=\"application\/ld+json\" class=\"yoast-schema-graph\">{\"@context\":\"https:\\\/\\\/schema.org\",\"@graph\":[{\"@type\":\"WebPage\",\"@id\":\"https:\\\/\\\/lecadran-expo.be\\\/corto-maltese-et-le-message-perdu-de-cleopatre\\\/\",\"url\":\"https:\\\/\\\/lecadran-expo.be\\\/corto-maltese-et-le-message-perdu-de-cleopatre\\\/\",\"name\":\"Corto Maltese et le message perdu de Cl\u00e9op\u00e2tre - lecadran-expo.be\",\"isPartOf\":{\"@id\":\"https:\\\/\\\/lecadran-expo.be\\\/#website\"},\"primaryImageOfPage\":{\"@id\":\"https:\\\/\\\/lecadran-expo.be\\\/corto-maltese-et-le-message-perdu-de-cleopatre\\\/#primaryimage\"},\"image\":{\"@id\":\"https:\\\/\\\/lecadran-expo.be\\\/corto-maltese-et-le-message-perdu-de-cleopatre\\\/#primaryimage\"},\"thumbnailUrl\":\"https:\\\/\\\/lecadran-expo.be\\\/wp-content\\\/uploads\\\/2026\\\/04\\\/affiche-chasse-683x1024.jpg\",\"datePublished\":\"2026-04-22T20:31:07+00:00\",\"dateModified\":\"2026-05-14T15:37:47+00:00\",\"breadcrumb\":{\"@id\":\"https:\\\/\\\/lecadran-expo.be\\\/corto-maltese-et-le-message-perdu-de-cleopatre\\\/#breadcrumb\"},\"inLanguage\":\"en-GB\",\"potentialAction\":[{\"@type\":\"ReadAction\",\"target\":[\"https:\\\/\\\/lecadran-expo.be\\\/corto-maltese-et-le-message-perdu-de-cleopatre\\\/\"]}]},{\"@type\":\"ImageObject\",\"inLanguage\":\"en-GB\",\"@id\":\"https:\\\/\\\/lecadran-expo.be\\\/corto-maltese-et-le-message-perdu-de-cleopatre\\\/#primaryimage\",\"url\":\"https:\\\/\\\/lecadran-expo.be\\\/wp-content\\\/uploads\\\/2026\\\/04\\\/affiche-chasse-683x1024.jpg\",\"contentUrl\":\"https:\\\/\\\/lecadran-expo.be\\\/wp-content\\\/uploads\\\/2026\\\/04\\\/affiche-chasse-683x1024.jpg\"},{\"@type\":\"BreadcrumbList\",\"@id\":\"https:\\\/\\\/lecadran-expo.be\\\/corto-maltese-et-le-message-perdu-de-cleopatre\\\/#breadcrumb\",\"itemListElement\":[{\"@type\":\"ListItem\",\"position\":1,\"name\":\"Accueil\",\"item\":\"https:\\\/\\\/lecadran-expo.be\\\/\"},{\"@type\":\"ListItem\",\"position\":2,\"name\":\"Corto Maltese et le message perdu de Cl\u00e9op\u00e2tre\"}]},{\"@type\":\"WebSite\",\"@id\":\"https:\\\/\\\/lecadran-expo.be\\\/#website\",\"url\":\"https:\\\/\\\/lecadran-expo.be\\\/\",\"name\":\"lecadran-expo.be\",\"description\":\"hugo pratt expo corto maltese le cadran li\u00e8ge belgique inventives entresort cong opera laboratori\",\"publisher\":{\"@id\":\"https:\\\/\\\/lecadran-expo.be\\\/#organization\"},\"potentialAction\":[{\"@type\":\"SearchAction\",\"target\":{\"@type\":\"EntryPoint\",\"urlTemplate\":\"https:\\\/\\\/lecadran-expo.be\\\/?s={search_term_string}\"},\"query-input\":{\"@type\":\"PropertyValueSpecification\",\"valueRequired\":true,\"valueName\":\"search_term_string\"}}],\"inLanguage\":\"en-GB\"},{\"@type\":\"Organization\",\"@id\":\"https:\\\/\\\/lecadran-expo.be\\\/#organization\",\"name\":\"Inventives\",\"url\":\"https:\\\/\\\/lecadran-expo.be\\\/\",\"logo\":{\"@type\":\"ImageObject\",\"inLanguage\":\"en-GB\",\"@id\":\"https:\\\/\\\/lecadran-expo.be\\\/#\\\/schema\\\/logo\\\/image\\\/\",\"url\":\"https:\\\/\\\/lecadran-expo.be\\\/wp-content\\\/uploads\\\/2026\\\/05\\\/logo.jpeg\",\"contentUrl\":\"https:\\\/\\\/lecadran-expo.be\\\/wp-content\\\/uploads\\\/2026\\\/05\\\/logo.jpeg\",\"width\":960,\"height\":960,\"caption\":\"Inventives\"},\"image\":{\"@id\":\"https:\\\/\\\/lecadran-expo.be\\\/#\\\/schema\\\/logo\\\/image\\\/\"},\"sameAs\":[\"https:\\\/\\\/www.facebook.com\\\/people\\\/Inventives\\\/61588084365745\\\/\",\"https:\\\/\\\/www.instagram.com\\\/inventives.be\\\/\"]}]}<\/script>\n<!-- \/ Yoast SEO plugin. -->","yoast_head_json":{"title":"Corto Maltese et le message perdu de Cl\u00e9op\u00e2tre - lecadran-expo.be","robots":{"index":"index","follow":"follow","max-snippet":"max-snippet:-1","max-image-preview":"max-image-preview:large","max-video-preview":"max-video-preview:-1"},"canonical":"https:\/\/lecadran-expo.be\/en_gb\/corto-maltese-et-le-message-perdu-de-cleopatre\/","og_locale":"en_GB","og_type":"article","og_title":"Corto Maltese et le message perdu de Cl\u00e9op\u00e2tre - lecadran-expo.be","og_description":"Vous cherchez une&nbsp;activit\u00e9 originale \u00e0 Li\u00e8ge, \u00e0 vivre en famille, entre amis ou lors d\u2019un city trip en Wallonie ? D\u00e9couvrez une&nbsp;chasse au tr\u00e9sor culturelle in\u00e9dite, qui relie deux grandes expositions : Suivez les traces de&nbsp;Corto Maltese&nbsp;et les routes de&nbsp;Cl\u00e9op\u00e2tre&nbsp;\u00e0 travers un jeu immersif m\u00ealant&nbsp;histoire, bande dessin\u00e9e et exploration urbaine \u00e0 Li\u00e8ge. \ud83d\udd0e Une chasse &hellip; Read more \"Corto Maltese et le message perdu de Cl\u00e9op\u00e2tre\"","og_url":"https:\/\/lecadran-expo.be\/en_gb\/corto-maltese-et-le-message-perdu-de-cleopatre\/","og_site_name":"lecadran-expo.be","article_publisher":"https:\/\/www.facebook.com\/people\/Inventives\/61588084365745\/","article_modified_time":"2026-05-14T15:37:47+00:00","og_image":[{"width":1707,"height":2560,"url":"https:\/\/lecadran-expo.be\/wp-content\/uploads\/2026\/04\/affiche-chasse-scaled.jpg","type":"image\/jpeg"}],"twitter_card":"summary_large_image","twitter_misc":{"Estimated reading time":"3 minutes"},"schema":{"@context":"https:\/\/schema.org","@graph":[{"@type":"WebPage","@id":"https:\/\/lecadran-expo.be\/corto-maltese-et-le-message-perdu-de-cleopatre\/","url":"https:\/\/lecadran-expo.be\/corto-maltese-et-le-message-perdu-de-cleopatre\/","name":"Corto Maltese et le message perdu de Cl\u00e9op\u00e2tre - lecadran-expo.be","isPartOf":{"@id":"https:\/\/lecadran-expo.be\/#website"},"primaryImageOfPage":{"@id":"https:\/\/lecadran-expo.be\/corto-maltese-et-le-message-perdu-de-cleopatre\/#primaryimage"},"image":{"@id":"https:\/\/lecadran-expo.be\/corto-maltese-et-le-message-perdu-de-cleopatre\/#primaryimage"},"thumbnailUrl":"https:\/\/lecadran-expo.be\/wp-content\/uploads\/2026\/04\/affiche-chasse-683x1024.jpg","datePublished":"2026-04-22T20:31:07+00:00","dateModified":"2026-05-14T15:37:47+00:00","breadcrumb":{"@id":"https:\/\/lecadran-expo.be\/corto-maltese-et-le-message-perdu-de-cleopatre\/#breadcrumb"},"inLanguage":"en-GB","potentialAction":[{"@type":"ReadAction","target":["https:\/\/lecadran-expo.be\/corto-maltese-et-le-message-perdu-de-cleopatre\/"]}]},{"@type":"ImageObject","inLanguage":"en-GB","@id":"https:\/\/lecadran-expo.be\/corto-maltese-et-le-message-perdu-de-cleopatre\/#primaryimage","url":"https:\/\/lecadran-expo.be\/wp-content\/uploads\/2026\/04\/affiche-chasse-683x1024.jpg","contentUrl":"https:\/\/lecadran-expo.be\/wp-content\/uploads\/2026\/04\/affiche-chasse-683x1024.jpg"},{"@type":"BreadcrumbList","@id":"https:\/\/lecadran-expo.be\/corto-maltese-et-le-message-perdu-de-cleopatre\/#breadcrumb","itemListElement":[{"@type":"ListItem","position":1,"name":"Accueil","item":"https:\/\/lecadran-expo.be\/"},{"@type":"ListItem","position":2,"name":"Corto Maltese et le message perdu de Cl\u00e9op\u00e2tre"}]},{"@type":"WebSite","@id":"https:\/\/lecadran-expo.be\/#website","url":"https:\/\/lecadran-expo.be\/","name":"lecadran-expo.be","description":"hugo pratt expo corto maltese le cadran li\u00e8ge belgique inventives entresort cong opera laboratori","publisher":{"@id":"https:\/\/lecadran-expo.be\/#organization"},"potentialAction":[{"@type":"SearchAction","target":{"@type":"EntryPoint","urlTemplate":"https:\/\/lecadran-expo.be\/?s={search_term_string}"},"query-input":{"@type":"PropertyValueSpecification","valueRequired":true,"valueName":"search_term_string"}}],"inLanguage":"en-GB"},{"@type":"Organization","@id":"https:\/\/lecadran-expo.be\/#organization","name":"Inventives","url":"https:\/\/lecadran-expo.be\/","logo":{"@type":"ImageObject","inLanguage":"en-GB","@id":"https:\/\/lecadran-expo.be\/#\/schema\/logo\/image\/","url":"https:\/\/lecadran-expo.be\/wp-content\/uploads\/2026\/05\/logo.jpeg","contentUrl":"https:\/\/lecadran-expo.be\/wp-content\/uploads\/2026\/05\/logo.jpeg","width":960,"height":960,"caption":"Inventives"},"image":{"@id":"https:\/\/lecadran-expo.be\/#\/schema\/logo\/image\/"},"sameAs":["https:\/\/www.facebook.com\/people\/Inventives\/61588084365745\/","https:\/\/www.instagram.com\/inventives.be\/"]}]}},"_links":{"self":[{"href":"https:\/\/lecadran-expo.be\/en_gb\/wp-json\/wp\/v2\/pages\/737","targetHints":{"allow":["GET"]}}],"collection":[{"href":"https:\/\/lecadran-expo.be\/en_gb\/wp-json\/wp\/v2\/pages"}],"about":[{"href":"https:\/\/lecadran-expo.be\/en_gb\/wp-json\/wp\/v2\/types\/page"}],"author":[{"embeddable":true,"href":"https:\/\/lecadran-expo.be\/en_gb\/wp-json\/wp\/v2\/users\/1"}],"replies":[{"embeddable":true,"href":"https:\/\/lecadran-expo.be\/en_gb\/wp-json\/wp\/v2\/comments?post=737"}],"version-history":[{"count":27,"href":"https:\/\/lecadran-expo.be\/en_gb\/wp-json\/wp\/v2\/pages\/737\/revisions"}],"predecessor-version":[{"id":909,"href":"https:\/\/lecadran-expo.be\/en_gb\/wp-json\/wp\/v2\/pages\/737\/revisions\/909"}],"wp:attachment":[{"href":"https:\/\/lecadran-expo.be\/en_gb\/wp-json\/wp\/v2\/media?parent=737"}],"curies":[{"name":"wp","href":"https:\/\/api.w.org\/{rel}","templated":true}]}}